{"id":4161,"date":"2026-04-14T23:30:15","date_gmt":"2026-04-14T23:30:15","guid":{"rendered":"https:\/\/sexshopxotic.com\/?post_type=product&#038;p=4161"},"modified":"2026-04-14T23:31:43","modified_gmt":"2026-04-14T23:31:43","slug":"4161","status":"publish","type":"product","link":"https:\/\/sexshopxotic.com\/en\/product\/4161\/","title":{"rendered":""},"content":{"rendered":"<p><strong>Recomendaciones de uso:<\/strong><\/p>\n<ul class=\"lte-list\">\n<li>L\u00e1valo antes y despu\u00e9s de utilizarlo con agua tibia y jab\u00f3n<\/li>\n<li>Si es de uso personal con tu pareja, no necesitas preservativo para utilizarlo<\/li>\n<li>Siempre gu\u00e1rdalo seco y en un lugar sin humedad<\/li>\n<li>Se recomienda no sumergirlo por mucho tiempo en el agua para evitar problemas<\/li>\n<li>Siempre debes guardarlo solo, sin ning\u00fan otro juguete, para que ninguno de los dos se estropee.<\/li>\n<\/ul>","protected":false},"excerpt":{"rendered":"<p>Irresistible Touch-Purple<\/p>\n<ul>\n<li>Funcionamiento: presi\u00f3n de aire (Airwave), estimulaci\u00f3n.<\/li>\n<li>Niveles: 10 niveles de presi\u00f3n de aire.<\/li>\n<li>Material: ABS, libre de ftalatos.<\/li>\n<li>Dimensiones: 12.3 cm \u00d7 3.6 cm.<\/li>\n<li>Peso del producto: 0.063 kg.<\/li>\n<li>Color: Purple.<\/li>\n<li>Caracter\u00edsticas: compacto, seguro para la piel, dise\u00f1o ergon\u00f3mico, f\u00e1cil de usar.<\/li>\n<\/ul>","protected":false},"featured_media":4166,"comment_status":"open","ping_status":"closed","template":"","meta":{"_uag_custom_page_level_css":"","site-sidebar-layout":"default","site-content-layout":"","ast-site-content-layout":"default","site-content-style":"default","site-sidebar-style":"default","ast-global-header-display":"","ast-banner-title-visibility":"","ast-main-header-display":"","ast-hfb-above-header-display":"","ast-hfb-below-header-display":"","ast-hfb-mobile-header-display":"","site-post-title":"","ast-breadcrumbs-content":"","ast-featured-img":"","footer-sml-layout":"","ast-disable-related-posts":"","theme-transparent-header-meta":"default","adv-header-id-meta":"","stick-header-meta":"","header-above-stick-meta":"","header-main-stick-meta":"","header-below-stick-meta":"","astra-migrate-meta-layouts":"set","ast-page-background-enabled":"default","ast-page-background-meta":{"desktop":{"background-color":"","background-image":"","background-repeat":"repeat","background-position":"center center","background-size":"auto","background-attachment":"scroll","background-type":"","background-media":"","overlay-type":"","overlay-color":"","overlay-opacity":"","overlay-gradient":""},"tablet":{"background-color":"","background-image":"","background-repeat":"repeat","background-position":"center center","background-size":"auto","background-attachment":"scroll","background-type":"","background-media":"","overlay-type":"","overlay-color":"","overlay-opacity":"","overlay-gradient":""},"mobile":{"background-color":"","background-image":"","background-repeat":"repeat","background-position":"center center","background-size":"auto","background-attachment":"scroll","background-type":"","background-media":"","overlay-type":"","overlay-color":"","overlay-opacity":"","overlay-gradient":""}},"ast-content-background-meta":{"desktop":{"background-color":"var(--ast-global-color-5)","background-image":"","background-repeat":"repeat","background-position":"center center","background-size":"auto","background-attachment":"scroll","background-type":"","background-media":"","overlay-type":"","overlay-color":"","overlay-opacity":"","overlay-gradient":""},"tablet":{"background-color":"var(--ast-global-color-5)","background-image":"","background-repeat":"repeat","background-position":"center center","background-size":"auto","background-attachment":"scroll","background-type":"","background-media":"","overlay-type":"","overlay-color":"","overlay-opacity":"","overlay-gradient":""},"mobile":{"background-color":"var(--ast-global-color-5)","background-image":"","background-repeat":"repeat","background-position":"center center","background-size":"auto","background-attachment":"scroll","background-type":"","background-media":"","overlay-type":"","overlay-color":"","overlay-opacity":"","overlay-gradient":""}},"_joinchat":[]},"product_brand":[],"product_cat":[27,66,28],"product_tag":[],"class_list":{"0":"post-4161","1":"product","2":"type-product","3":"status-publish","4":"has-post-thumbnail","6":"product_cat-consoladores","7":"product_cat-succionador","8":"product_cat-vibrador","9":"desktop-align-center","10":"tablet-align-center","11":"mobile-align-center","13":"first","14":"instock","15":"sale","16":"shipping-taxable","17":"purchasable","18":"product-type-simple"},"uagb_featured_image_src":{"full":["https:\/\/sexshopxotic.com\/wp-content\/uploads\/2026\/04\/touch-1.webp",906,906,false],"thumbnail":["https:\/\/sexshopxotic.com\/wp-content\/uploads\/2026\/04\/touch-1-150x150.webp",150,150,true],"medium":["https:\/\/sexshopxotic.com\/wp-content\/uploads\/2026\/04\/touch-1-300x300.webp",300,300,true],"medium_large":["https:\/\/sexshopxotic.com\/wp-content\/uploads\/2026\/04\/touch-1-768x768.webp",768,768,true],"large":["https:\/\/sexshopxotic.com\/wp-content\/uploads\/2026\/04\/touch-1.webp",906,906,false],"1536x1536":["https:\/\/sexshopxotic.com\/wp-content\/uploads\/2026\/04\/touch-1.webp",906,906,false],"2048x2048":["https:\/\/sexshopxotic.com\/wp-content\/uploads\/2026\/04\/touch-1.webp",906,906,false],"trp-custom-language-flag":["https:\/\/sexshopxotic.com\/wp-content\/uploads\/2026\/04\/touch-1-12x12.webp",12,12,true],"lifterlms_certificate_background":["https:\/\/sexshopxotic.com\/wp-content\/uploads\/2026\/04\/touch-1-800x616.webp",800,616,true],"llms_notification_icon":["https:\/\/sexshopxotic.com\/wp-content\/uploads\/2026\/04\/touch-1-64x64.webp",64,64,true],"woocommerce_thumbnail":["https:\/\/sexshopxotic.com\/wp-content\/uploads\/2026\/04\/touch-1-300x300.webp",300,300,true],"woocommerce_single":["https:\/\/sexshopxotic.com\/wp-content\/uploads\/2026\/04\/touch-1-600x600.webp",600,600,true],"woocommerce_gallery_thumbnail":["https:\/\/sexshopxotic.com\/wp-content\/uploads\/2026\/04\/touch-1-100x100.webp",100,100,true]},"uagb_author_info":{"display_name":"admin","author_link":"https:\/\/sexshopxotic.com\/en\/author\/"},"uagb_comment_info":0,"uagb_excerpt":"Irresistible Touch-Purple Funcionamiento: presi\u00f3n de aire (Airwave), estimulaci\u00f3n. Niveles: 10 niveles de presi\u00f3n de aire. Material: ABS, libre de ftalatos. Dimensiones: 12.3 cm \u00d7 3.6 cm. Peso del producto: 0.063 kg. Color: Purple. Caracter\u00edsticas: compacto, seguro para la piel, dise\u00f1o ergon\u00f3mico, f\u00e1cil de usar.","_links":{"self":[{"href":"https:\/\/sexshopxotic.com\/en\/wp-json\/wp\/v2\/product\/4161","targetHints":{"allow":["GET"]}}],"collection":[{"href":"https:\/\/sexshopxotic.com\/en\/wp-json\/wp\/v2\/product"}],"about":[{"href":"https:\/\/sexshopxotic.com\/en\/wp-json\/wp\/v2\/types\/product"}],"replies":[{"embeddable":true,"href":"https:\/\/sexshopxotic.com\/en\/wp-json\/wp\/v2\/comments?post=4161"}],"wp:featuredmedia":[{"embeddable":true,"href":"https:\/\/sexshopxotic.com\/en\/wp-json\/wp\/v2\/media\/4166"}],"wp:attachment":[{"href":"https:\/\/sexshopxotic.com\/en\/wp-json\/wp\/v2\/media?parent=4161"}],"wp:term":[{"taxonomy":"product_brand","embeddable":true,"href":"https:\/\/sexshopxotic.com\/en\/wp-json\/wp\/v2\/product_brand?post=4161"},{"taxonomy":"product_cat","embeddable":true,"href":"https:\/\/sexshopxotic.com\/en\/wp-json\/wp\/v2\/product_cat?post=4161"},{"taxonomy":"product_tag","embeddable":true,"href":"https:\/\/sexshopxotic.com\/en\/wp-json\/wp\/v2\/product_tag?post=4161"}],"curies":[{"name":"wp","href":"https:\/\/api.w.org\/{rel}","templated":true}]}}