{"id":4155,"date":"2026-04-14T23:18:26","date_gmt":"2026-04-14T23:18:26","guid":{"rendered":"https:\/\/sexshopxotic.com\/?post_type=product&#038;p=4155"},"modified":"2026-04-14T23:22:07","modified_gmt":"2026-04-14T23:22:07","slug":"4155","status":"publish","type":"product","link":"https:\/\/sexshopxotic.com\/en\/product\/4155\/","title":{"rendered":""},"content":{"rendered":"<p><strong>Caracter\u00edsticas<\/strong>:<\/p>\n<ul class=\"lte-list\">\n<li>Color: Rosa<\/li>\n<li>Tama\u00f1o:\n<ul class=\"lte-list\">\n<li>Longitud total 10 cm<\/li>\n<li>Di\u00e1metro Max. 1,4 cm<\/li>\n<\/ul>\n<\/li>\n<li>Funciones de modelo: Insuflador<\/li>\n<li>Material: Silicona de grado medico<\/li>\n<li>Carga: Bater\u00eda recargable USB<\/li>\n<li>Bater\u00eda de litio: Tiempo de carga 60 min, tiempo de uso 90 min<\/li>\n<li>Frecuencia: 5 modo de pulsi\u00f3n<\/li>\n<li>Certificaci\u00f3n: CE<\/li>\n<li>Aprueba de agua: Si<\/li>\n<\/ul>","protected":false},"excerpt":{"rendered":"<p>Un dise\u00f1o tierno, con colores vibrantes y una apariencia que te dar\u00e1 ganas de cuidarlo.\u00a0<strong>Rabbitt<\/strong>\u00a0es un insuflador de 5 frecuencias, con un motor potente y una bater\u00eda recargable.<\/p>\n<p>Este tierno conejito es ideal para personas que desean algo menos insinuante, con dise\u00f1os menos reveladores y una alta calidad. Con un tacto aterciopelado, este conejito ser\u00e1 tu juguete favorito.<\/p>","protected":false},"featured_media":4159,"comment_status":"open","ping_status":"closed","template":"","meta":{"_uag_custom_page_level_css":"","site-sidebar-layout":"default","site-content-layout":"","ast-site-content-layout":"default","site-content-style":"default","site-sidebar-style":"default","ast-global-header-display":"","ast-banner-title-visibility":"","ast-main-header-display":"","ast-hfb-above-header-display":"","ast-hfb-below-header-display":"","ast-hfb-mobile-header-display":"","site-post-title":"","ast-breadcrumbs-content":"","ast-featured-img":"","footer-sml-layout":"","ast-disable-related-posts":"","theme-transparent-header-meta":"default","adv-header-id-meta":"","stick-header-meta":"","header-above-stick-meta":"","header-main-stick-meta":"","header-below-stick-meta":"","astra-migrate-meta-layouts":"set","ast-page-background-enabled":"default","ast-page-background-meta":{"desktop":{"background-color":"","background-image":"","background-repeat":"repeat","background-position":"center center","background-size":"auto","background-attachment":"scroll","background-type":"","background-media":"","overlay-type":"","overlay-color":"","overlay-opacity":"","overlay-gradient":""},"tablet":{"background-color":"","background-image":"","background-repeat":"repeat","background-position":"center center","background-size":"auto","background-attachment":"scroll","background-type":"","background-media":"","overlay-type":"","overlay-color":"","overlay-opacity":"","overlay-gradient":""},"mobile":{"background-color":"","background-image":"","background-repeat":"repeat","background-position":"center center","background-size":"auto","background-attachment":"scroll","background-type":"","background-media":"","overlay-type":"","overlay-color":"","overlay-opacity":"","overlay-gradient":""}},"ast-content-background-meta":{"desktop":{"background-color":"var(--ast-global-color-5)","background-image":"","background-repeat":"repeat","background-position":"center center","background-size":"auto","background-attachment":"scroll","background-type":"","background-media":"","overlay-type":"","overlay-color":"","overlay-opacity":"","overlay-gradient":""},"tablet":{"background-color":"var(--ast-global-color-5)","background-image":"","background-repeat":"repeat","background-position":"center center","background-size":"auto","background-attachment":"scroll","background-type":"","background-media":"","overlay-type":"","overlay-color":"","overlay-opacity":"","overlay-gradient":""},"mobile":{"background-color":"var(--ast-global-color-5)","background-image":"","background-repeat":"repeat","background-position":"center center","background-size":"auto","background-attachment":"scroll","background-type":"","background-media":"","overlay-type":"","overlay-color":"","overlay-opacity":"","overlay-gradient":""}},"_joinchat":[]},"product_brand":[],"product_cat":[38,27,28],"product_tag":[],"class_list":{"0":"post-4155","1":"product","2":"type-product","3":"status-publish","4":"has-post-thumbnail","6":"product_cat-juguetes-parejas","7":"product_cat-consoladores","8":"product_cat-vibrador","9":"desktop-align-center","10":"tablet-align-center","11":"mobile-align-center","13":"first","14":"instock","15":"sale","16":"shipping-taxable","17":"purchasable","18":"product-type-simple"},"uagb_featured_image_src":{"full":["https:\/\/sexshopxotic.com\/wp-content\/uploads\/2026\/04\/rabbit-1.webp",906,906,false],"thumbnail":["https:\/\/sexshopxotic.com\/wp-content\/uploads\/2026\/04\/rabbit-1-150x150.webp",150,150,true],"medium":["https:\/\/sexshopxotic.com\/wp-content\/uploads\/2026\/04\/rabbit-1-300x300.webp",300,300,true],"medium_large":["https:\/\/sexshopxotic.com\/wp-content\/uploads\/2026\/04\/rabbit-1-768x768.webp",768,768,true],"large":["https:\/\/sexshopxotic.com\/wp-content\/uploads\/2026\/04\/rabbit-1.webp",906,906,false],"1536x1536":["https:\/\/sexshopxotic.com\/wp-content\/uploads\/2026\/04\/rabbit-1.webp",906,906,false],"2048x2048":["https:\/\/sexshopxotic.com\/wp-content\/uploads\/2026\/04\/rabbit-1.webp",906,906,false],"trp-custom-language-flag":["https:\/\/sexshopxotic.com\/wp-content\/uploads\/2026\/04\/rabbit-1-12x12.webp",12,12,true],"lifterlms_certificate_background":["https:\/\/sexshopxotic.com\/wp-content\/uploads\/2026\/04\/rabbit-1-800x616.webp",800,616,true],"llms_notification_icon":["https:\/\/sexshopxotic.com\/wp-content\/uploads\/2026\/04\/rabbit-1-64x64.webp",64,64,true],"woocommerce_thumbnail":["https:\/\/sexshopxotic.com\/wp-content\/uploads\/2026\/04\/rabbit-1-300x300.webp",300,300,true],"woocommerce_single":["https:\/\/sexshopxotic.com\/wp-content\/uploads\/2026\/04\/rabbit-1-600x600.webp",600,600,true],"woocommerce_gallery_thumbnail":["https:\/\/sexshopxotic.com\/wp-content\/uploads\/2026\/04\/rabbit-1-100x100.webp",100,100,true]},"uagb_author_info":{"display_name":"admin","author_link":"https:\/\/sexshopxotic.com\/en\/author\/"},"uagb_comment_info":0,"uagb_excerpt":"Un dise\u00f1o tierno, con colores vibrantes y una apariencia que te dar\u00e1 ganas de cuidarlo.\u00a0Rabbitt\u00a0es un insuflador de 5 frecuencias, con un motor potente y una bater\u00eda recargable. Este tierno conejito es ideal para personas que desean algo menos insinuante, con dise\u00f1os menos reveladores y una alta calidad. Con un tacto aterciopelado, este conejito ser\u00e1&hellip;","_links":{"self":[{"href":"https:\/\/sexshopxotic.com\/en\/wp-json\/wp\/v2\/product\/4155","targetHints":{"allow":["GET"]}}],"collection":[{"href":"https:\/\/sexshopxotic.com\/en\/wp-json\/wp\/v2\/product"}],"about":[{"href":"https:\/\/sexshopxotic.com\/en\/wp-json\/wp\/v2\/types\/product"}],"replies":[{"embeddable":true,"href":"https:\/\/sexshopxotic.com\/en\/wp-json\/wp\/v2\/comments?post=4155"}],"wp:featuredmedia":[{"embeddable":true,"href":"https:\/\/sexshopxotic.com\/en\/wp-json\/wp\/v2\/media\/4159"}],"wp:attachment":[{"href":"https:\/\/sexshopxotic.com\/en\/wp-json\/wp\/v2\/media?parent=4155"}],"wp:term":[{"taxonomy":"product_brand","embeddable":true,"href":"https:\/\/sexshopxotic.com\/en\/wp-json\/wp\/v2\/product_brand?post=4155"},{"taxonomy":"product_cat","embeddable":true,"href":"https:\/\/sexshopxotic.com\/en\/wp-json\/wp\/v2\/product_cat?post=4155"},{"taxonomy":"product_tag","embeddable":true,"href":"https:\/\/sexshopxotic.com\/en\/wp-json\/wp\/v2\/product_tag?post=4155"}],"curies":[{"name":"wp","href":"https:\/\/api.w.org\/{rel}","templated":true}]}}