{"id":4107,"date":"2026-03-08T00:19:03","date_gmt":"2026-03-08T00:19:03","guid":{"rendered":"https:\/\/sexshopxotic.com\/?post_type=product&#038;p=4107"},"modified":"2026-03-08T00:20:06","modified_gmt":"2026-03-08T00:20:06","slug":"4107","status":"publish","type":"product","link":"https:\/\/sexshopxotic.com\/en\/product\/4107\/","title":{"rendered":"Aceites arom\u00e1ticos"},"content":{"rendered":"","protected":false},"excerpt":{"rendered":"<p>Aceite con gotero 12 ml para hornito, difusores, aromatizantes, etc relajante , ayuda a relajar y de ese modo retardar la eyaculaci\u00f3n masculina, as\u00ed como tambi\u00e9n liberar tensiones que puedan generarse durante el acto sexual.<\/p>","protected":false},"featured_media":4109,"comment_status":"open","ping_status":"closed","template":"","meta":{"_uag_custom_page_level_css":"","site-sidebar-layout":"default","site-content-layout":"","ast-site-content-layout":"default","site-content-style":"default","site-sidebar-style":"default","ast-global-header-display":"","ast-banner-title-visibility":"","ast-main-header-display":"","ast-hfb-above-header-display":"","ast-hfb-below-header-display":"","ast-hfb-mobile-header-display":"","site-post-title":"","ast-breadcrumbs-content":"","ast-featured-img":"","footer-sml-layout":"","ast-disable-related-posts":"","theme-transparent-header-meta":"default","adv-header-id-meta":"","stick-header-meta":"","header-above-stick-meta":"","header-main-stick-meta":"","header-below-stick-meta":"","astra-migrate-meta-layouts":"set","ast-page-background-enabled":"default","ast-page-background-meta":{"desktop":{"background-color":"","background-image":"","background-repeat":"repeat","background-position":"center center","background-size":"auto","background-attachment":"scroll","background-type":"","background-media":"","overlay-type":"","overlay-color":"","overlay-opacity":"","overlay-gradient":""},"tablet":{"background-color":"","background-image":"","background-repeat":"repeat","background-position":"center center","background-size":"auto","background-attachment":"scroll","background-type":"","background-media":"","overlay-type":"","overlay-color":"","overlay-opacity":"","overlay-gradient":""},"mobile":{"background-color":"","background-image":"","background-repeat":"repeat","background-position":"center center","background-size":"auto","background-attachment":"scroll","background-type":"","background-media":"","overlay-type":"","overlay-color":"","overlay-opacity":"","overlay-gradient":""}},"ast-content-background-meta":{"desktop":{"background-color":"var(--ast-global-color-5)","background-image":"","background-repeat":"repeat","background-position":"center center","background-size":"auto","background-attachment":"scroll","background-type":"","background-media":"","overlay-type":"","overlay-color":"","overlay-opacity":"","overlay-gradient":""},"tablet":{"background-color":"var(--ast-global-color-5)","background-image":"","background-repeat":"repeat","background-position":"center center","background-size":"auto","background-attachment":"scroll","background-type":"","background-media":"","overlay-type":"","overlay-color":"","overlay-opacity":"","overlay-gradient":""},"mobile":{"background-color":"var(--ast-global-color-5)","background-image":"","background-repeat":"repeat","background-position":"center center","background-size":"auto","background-attachment":"scroll","background-type":"","background-media":"","overlay-type":"","overlay-color":"","overlay-opacity":"","overlay-gradient":""}},"_joinchat":[]},"product_brand":[],"product_cat":[65],"product_tag":[],"class_list":{"0":"post-4107","1":"product","2":"type-product","3":"status-publish","4":"has-post-thumbnail","6":"product_cat-aceites-y-aromas","7":"desktop-align-center","8":"tablet-align-center","9":"mobile-align-center","11":"first","12":"instock","13":"featured","14":"shipping-taxable","15":"purchasable","16":"product-type-simple"},"uagb_featured_image_src":{"full":["https:\/\/sexshopxotic.com\/wp-content\/uploads\/2026\/03\/D_Q_NP_2X_708367-MPE104804191522_012026-T.webp",320,320,false],"thumbnail":["https:\/\/sexshopxotic.com\/wp-content\/uploads\/2026\/03\/D_Q_NP_2X_708367-MPE104804191522_012026-T-150x150.webp",150,150,true],"medium":["https:\/\/sexshopxotic.com\/wp-content\/uploads\/2026\/03\/D_Q_NP_2X_708367-MPE104804191522_012026-T-300x300.webp",300,300,true],"medium_large":["https:\/\/sexshopxotic.com\/wp-content\/uploads\/2026\/03\/D_Q_NP_2X_708367-MPE104804191522_012026-T.webp",320,320,false],"large":["https:\/\/sexshopxotic.com\/wp-content\/uploads\/2026\/03\/D_Q_NP_2X_708367-MPE104804191522_012026-T.webp",320,320,false],"1536x1536":["https:\/\/sexshopxotic.com\/wp-content\/uploads\/2026\/03\/D_Q_NP_2X_708367-MPE104804191522_012026-T.webp",320,320,false],"2048x2048":["https:\/\/sexshopxotic.com\/wp-content\/uploads\/2026\/03\/D_Q_NP_2X_708367-MPE104804191522_012026-T.webp",320,320,false],"trp-custom-language-flag":["https:\/\/sexshopxotic.com\/wp-content\/uploads\/2026\/03\/D_Q_NP_2X_708367-MPE104804191522_012026-T-12x12.webp",12,12,true],"lifterlms_certificate_background":["https:\/\/sexshopxotic.com\/wp-content\/uploads\/2026\/03\/D_Q_NP_2X_708367-MPE104804191522_012026-T.webp",320,320,false],"llms_notification_icon":["https:\/\/sexshopxotic.com\/wp-content\/uploads\/2026\/03\/D_Q_NP_2X_708367-MPE104804191522_012026-T-64x64.webp",64,64,true],"woocommerce_thumbnail":["https:\/\/sexshopxotic.com\/wp-content\/uploads\/2026\/03\/D_Q_NP_2X_708367-MPE104804191522_012026-T-300x300.webp",300,300,true],"woocommerce_single":["https:\/\/sexshopxotic.com\/wp-content\/uploads\/2026\/03\/D_Q_NP_2X_708367-MPE104804191522_012026-T.webp",320,320,false],"woocommerce_gallery_thumbnail":["https:\/\/sexshopxotic.com\/wp-content\/uploads\/2026\/03\/D_Q_NP_2X_708367-MPE104804191522_012026-T-100x100.webp",100,100,true]},"uagb_author_info":{"display_name":"admin","author_link":"https:\/\/sexshopxotic.com\/en\/author\/"},"uagb_comment_info":0,"uagb_excerpt":"Aceite con gotero 12 ml para hornito, difusores, aromatizantes, etc relajante , ayuda a relajar y de ese modo retardar la eyaculaci\u00f3n masculina, as\u00ed como tambi\u00e9n liberar tensiones que puedan generarse durante el acto sexual.","_links":{"self":[{"href":"https:\/\/sexshopxotic.com\/en\/wp-json\/wp\/v2\/product\/4107","targetHints":{"allow":["GET"]}}],"collection":[{"href":"https:\/\/sexshopxotic.com\/en\/wp-json\/wp\/v2\/product"}],"about":[{"href":"https:\/\/sexshopxotic.com\/en\/wp-json\/wp\/v2\/types\/product"}],"replies":[{"embeddable":true,"href":"https:\/\/sexshopxotic.com\/en\/wp-json\/wp\/v2\/comments?post=4107"}],"wp:featuredmedia":[{"embeddable":true,"href":"https:\/\/sexshopxotic.com\/en\/wp-json\/wp\/v2\/media\/4109"}],"wp:attachment":[{"href":"https:\/\/sexshopxotic.com\/en\/wp-json\/wp\/v2\/media?parent=4107"}],"wp:term":[{"taxonomy":"product_brand","embeddable":true,"href":"https:\/\/sexshopxotic.com\/en\/wp-json\/wp\/v2\/product_brand?post=4107"},{"taxonomy":"product_cat","embeddable":true,"href":"https:\/\/sexshopxotic.com\/en\/wp-json\/wp\/v2\/product_cat?post=4107"},{"taxonomy":"product_tag","embeddable":true,"href":"https:\/\/sexshopxotic.com\/en\/wp-json\/wp\/v2\/product_tag?post=4107"}],"curies":[{"name":"wp","href":"https:\/\/api.w.org\/{rel}","templated":true}]}}