{"id":4082,"date":"2026-03-07T21:07:32","date_gmt":"2026-03-07T21:07:32","guid":{"rendered":"https:\/\/sexshopxotic.com\/?post_type=product&#038;p=4082"},"modified":"2026-03-07T21:08:02","modified_gmt":"2026-03-07T21:08:02","slug":"retardex-golden-for-men-controla-el-climax-prolonga-el-placer","status":"publish","type":"product","link":"https:\/\/sexshopxotic.com\/en\/product\/retardex-golden-for-men-controla-el-climax-prolonga-el-placer\/","title":{"rendered":"Retardex Golden For Men: Controla el cl\u00edmax, prolonga el placer"},"content":{"rendered":"","protected":false},"excerpt":{"rendered":"<p>Prolonga los momentos de placer. retardando los impulsos nerviosos y controlando la hipersensibilidad.<\/p>\n<p><b>MODO DE EMPLEO<\/b><\/p>\n<p>Aplica en el Glande, extender por la zona la cantidad considerable. A partir de 3 a 5 minutos tras su aplicaci\u00f3n, comenzar\u00e1 a notarse el efecto. aplicar antes de la primera penetraci\u00f3n, compatible con preservativos.<\/p>\n<p><b>CONTRAINDICACIONES<\/b><\/p>\n<p>No utilizar en caso de alergia, Tampoco utilizar sobre heridas abiertas o irritadas. SUSPENDER INMEDIATAMENTE.<\/p>\n<p><b>PRECAUCI\u00d3N:<\/b><\/p>\n<p>Mantener apartado de los ni\u00f1os, no aplicar en el \u00e1rea ocular o otra zona que no sea la genital masculina,<\/p>\n<p><b>Registro en Estocolmo, Suecia\u00a0 &#8212;\u00a0<\/b><b>Registro N\u00ba 120525<\/b><\/p>","protected":false},"featured_media":4083,"comment_status":"open","ping_status":"closed","template":"","meta":{"_uag_custom_page_level_css":"","site-sidebar-layout":"default","site-content-layout":"","ast-site-content-layout":"default","site-content-style":"default","site-sidebar-style":"default","ast-global-header-display":"","ast-banner-title-visibility":"","ast-main-header-display":"","ast-hfb-above-header-display":"","ast-hfb-below-header-display":"","ast-hfb-mobile-header-display":"","site-post-title":"","ast-breadcrumbs-content":"","ast-featured-img":"","footer-sml-layout":"","ast-disable-related-posts":"","theme-transparent-header-meta":"default","adv-header-id-meta":"","stick-header-meta":"","header-above-stick-meta":"","header-main-stick-meta":"","header-below-stick-meta":"","astra-migrate-meta-layouts":"set","ast-page-background-enabled":"default","ast-page-background-meta":{"desktop":{"background-color":"","background-image":"","background-repeat":"repeat","background-position":"center center","background-size":"auto","background-attachment":"scroll","background-type":"","background-media":"","overlay-type":"","overlay-color":"","overlay-opacity":"","overlay-gradient":""},"tablet":{"background-color":"","background-image":"","background-repeat":"repeat","background-position":"center center","background-size":"auto","background-attachment":"scroll","background-type":"","background-media":"","overlay-type":"","overlay-color":"","overlay-opacity":"","overlay-gradient":""},"mobile":{"background-color":"","background-image":"","background-repeat":"repeat","background-position":"center center","background-size":"auto","background-attachment":"scroll","background-type":"","background-media":"","overlay-type":"","overlay-color":"","overlay-opacity":"","overlay-gradient":""}},"ast-content-background-meta":{"desktop":{"background-color":"var(--ast-global-color-5)","background-image":"","background-repeat":"repeat","background-position":"center center","background-size":"auto","background-attachment":"scroll","background-type":"","background-media":"","overlay-type":"","overlay-color":"","overlay-opacity":"","overlay-gradient":""},"tablet":{"background-color":"var(--ast-global-color-5)","background-image":"","background-repeat":"repeat","background-position":"center center","background-size":"auto","background-attachment":"scroll","background-type":"","background-media":"","overlay-type":"","overlay-color":"","overlay-opacity":"","overlay-gradient":""},"mobile":{"background-color":"var(--ast-global-color-5)","background-image":"","background-repeat":"repeat","background-position":"center center","background-size":"auto","background-attachment":"scroll","background-type":"","background-media":"","overlay-type":"","overlay-color":"","overlay-opacity":"","overlay-gradient":""}},"_joinchat":[]},"product_brand":[],"product_cat":[38,63],"product_tag":[],"class_list":{"0":"post-4082","1":"product","2":"type-product","3":"status-publish","4":"has-post-thumbnail","6":"product_cat-juguetes-parejas","7":"product_cat-retardantes","8":"desktop-align-center","9":"tablet-align-center","10":"mobile-align-center","12":"first","13":"instock","14":"featured","15":"shipping-taxable","16":"purchasable","17":"product-type-simple"},"uagb_featured_image_src":{"full":["https:\/\/sexshopxotic.com\/wp-content\/uploads\/2026\/03\/golden-retardante.webp",1200,1200,false],"thumbnail":["https:\/\/sexshopxotic.com\/wp-content\/uploads\/2026\/03\/golden-retardante-150x150.webp",150,150,true],"medium":["https:\/\/sexshopxotic.com\/wp-content\/uploads\/2026\/03\/golden-retardante-300x300.webp",300,300,true],"medium_large":["https:\/\/sexshopxotic.com\/wp-content\/uploads\/2026\/03\/golden-retardante-768x768.webp",768,768,true],"large":["https:\/\/sexshopxotic.com\/wp-content\/uploads\/2026\/03\/golden-retardante-1024x1024.webp",1024,1024,true],"1536x1536":["https:\/\/sexshopxotic.com\/wp-content\/uploads\/2026\/03\/golden-retardante.webp",1200,1200,false],"2048x2048":["https:\/\/sexshopxotic.com\/wp-content\/uploads\/2026\/03\/golden-retardante.webp",1200,1200,false],"trp-custom-language-flag":["https:\/\/sexshopxotic.com\/wp-content\/uploads\/2026\/03\/golden-retardante-12x12.webp",12,12,true],"lifterlms_certificate_background":["https:\/\/sexshopxotic.com\/wp-content\/uploads\/2026\/03\/golden-retardante-800x616.webp",800,616,true],"llms_notification_icon":["https:\/\/sexshopxotic.com\/wp-content\/uploads\/2026\/03\/golden-retardante-64x64.webp",64,64,true],"woocommerce_thumbnail":["https:\/\/sexshopxotic.com\/wp-content\/uploads\/2026\/03\/golden-retardante-300x300.webp",300,300,true],"woocommerce_single":["https:\/\/sexshopxotic.com\/wp-content\/uploads\/2026\/03\/golden-retardante-600x600.webp",600,600,true],"woocommerce_gallery_thumbnail":["https:\/\/sexshopxotic.com\/wp-content\/uploads\/2026\/03\/golden-retardante-100x100.webp",100,100,true]},"uagb_author_info":{"display_name":"admin","author_link":"https:\/\/sexshopxotic.com\/en\/author\/"},"uagb_comment_info":0,"uagb_excerpt":"Prolonga los momentos de placer. retardando los impulsos nerviosos y controlando la hipersensibilidad. MODO DE EMPLEO Aplica en el Glande, extender por la zona la cantidad considerable. A partir de 3 a 5 minutos tras su aplicaci\u00f3n, comenzar\u00e1 a notarse el efecto. aplicar antes de la primera penetraci\u00f3n, compatible con preservativos. CONTRAINDICACIONES No utilizar en&hellip;","_links":{"self":[{"href":"https:\/\/sexshopxotic.com\/en\/wp-json\/wp\/v2\/product\/4082","targetHints":{"allow":["GET"]}}],"collection":[{"href":"https:\/\/sexshopxotic.com\/en\/wp-json\/wp\/v2\/product"}],"about":[{"href":"https:\/\/sexshopxotic.com\/en\/wp-json\/wp\/v2\/types\/product"}],"replies":[{"embeddable":true,"href":"https:\/\/sexshopxotic.com\/en\/wp-json\/wp\/v2\/comments?post=4082"}],"wp:featuredmedia":[{"embeddable":true,"href":"https:\/\/sexshopxotic.com\/en\/wp-json\/wp\/v2\/media\/4083"}],"wp:attachment":[{"href":"https:\/\/sexshopxotic.com\/en\/wp-json\/wp\/v2\/media?parent=4082"}],"wp:term":[{"taxonomy":"product_brand","embeddable":true,"href":"https:\/\/sexshopxotic.com\/en\/wp-json\/wp\/v2\/product_brand?post=4082"},{"taxonomy":"product_cat","embeddable":true,"href":"https:\/\/sexshopxotic.com\/en\/wp-json\/wp\/v2\/product_cat?post=4082"},{"taxonomy":"product_tag","embeddable":true,"href":"https:\/\/sexshopxotic.com\/en\/wp-json\/wp\/v2\/product_tag?post=4082"}],"curies":[{"name":"wp","href":"https:\/\/api.w.org\/{rel}","templated":true}]}}