{"id":4076,"date":"2026-03-07T20:52:16","date_gmt":"2026-03-07T20:52:16","guid":{"rendered":"https:\/\/sexshopxotic.com\/?post_type=product&#038;p=4076"},"modified":"2026-03-07T20:58:27","modified_gmt":"2026-03-07T20:58:27","slug":"retardex","status":"publish","type":"product","link":"https:\/\/sexshopxotic.com\/en\/product\/retardex\/","title":{"rendered":"Retardex"},"content":{"rendered":"<p>La crema retardante RETARDEX es un producto 100% natural que mejora significativamente los efectos de la eyaculaci\u00f3n precoz y ayuda al hombre a hacer realidad la desensibilizaci\u00f3n m\u00ednima necesaria para lograr que la relaci\u00f3n sexual sea realmente prolongada. Retarda el cl\u00edmax y prolonga la excitaci\u00f3n sexual para disfrutar relaciones sexuales m\u00e1s placenteras y duraderas. Es muy pr\u00e1ctica ya que viene en un estuche port\u00e1til y gracias a la cantidad contenida en su envase se puede usar m\u00e1s de una vez. Modo de uso: Aplicar con los dedos la crema RETARDEX en el pene, 10 minutos antes de la actividad sexual. Puede repetir la dosis cada 20 minutos si fuese necesario.<\/p>","protected":false},"excerpt":{"rendered":"<h1 class=\"ui-pdp-title\">Retardante En Crema Evita La Eyaculaci\u00f3n Precoz<\/h1>","protected":false},"featured_media":4077,"comment_status":"open","ping_status":"closed","template":"","meta":{"_uag_custom_page_level_css":"","site-sidebar-layout":"default","site-content-layout":"","ast-site-content-layout":"default","site-content-style":"default","site-sidebar-style":"default","ast-global-header-display":"","ast-banner-title-visibility":"","ast-main-header-display":"","ast-hfb-above-header-display":"","ast-hfb-below-header-display":"","ast-hfb-mobile-header-display":"","site-post-title":"","ast-breadcrumbs-content":"","ast-featured-img":"","footer-sml-layout":"","ast-disable-related-posts":"","theme-transparent-header-meta":"default","adv-header-id-meta":"","stick-header-meta":"","header-above-stick-meta":"","header-main-stick-meta":"","header-below-stick-meta":"","astra-migrate-meta-layouts":"set","ast-page-background-enabled":"default","ast-page-background-meta":{"desktop":{"background-color":"","background-image":"","background-repeat":"repeat","background-position":"center center","background-size":"auto","background-attachment":"scroll","background-type":"","background-media":"","overlay-type":"","overlay-color":"","overlay-opacity":"","overlay-gradient":""},"tablet":{"background-color":"","background-image":"","background-repeat":"repeat","background-position":"center center","background-size":"auto","background-attachment":"scroll","background-type":"","background-media":"","overlay-type":"","overlay-color":"","overlay-opacity":"","overlay-gradient":""},"mobile":{"background-color":"","background-image":"","background-repeat":"repeat","background-position":"center center","background-size":"auto","background-attachment":"scroll","background-type":"","background-media":"","overlay-type":"","overlay-color":"","overlay-opacity":"","overlay-gradient":""}},"ast-content-background-meta":{"desktop":{"background-color":"var(--ast-global-color-5)","background-image":"","background-repeat":"repeat","background-position":"center center","background-size":"auto","background-attachment":"scroll","background-type":"","background-media":"","overlay-type":"","overlay-color":"","overlay-opacity":"","overlay-gradient":""},"tablet":{"background-color":"var(--ast-global-color-5)","background-image":"","background-repeat":"repeat","background-position":"center center","background-size":"auto","background-attachment":"scroll","background-type":"","background-media":"","overlay-type":"","overlay-color":"","overlay-opacity":"","overlay-gradient":""},"mobile":{"background-color":"var(--ast-global-color-5)","background-image":"","background-repeat":"repeat","background-position":"center center","background-size":"auto","background-attachment":"scroll","background-type":"","background-media":"","overlay-type":"","overlay-color":"","overlay-opacity":"","overlay-gradient":""}},"_joinchat":[]},"product_brand":[],"product_cat":[29,38,63],"product_tag":[64],"class_list":{"0":"post-4076","1":"product","2":"type-product","3":"status-publish","4":"has-post-thumbnail","6":"product_cat-lenceria","7":"product_cat-juguetes-parejas","8":"product_cat-retardantes","9":"product_tag-retardantes","10":"desktop-align-center","11":"tablet-align-center","12":"mobile-align-center","14":"first","15":"instock","16":"featured","17":"shipping-taxable","18":"purchasable","19":"product-type-simple"},"uagb_featured_image_src":{"full":["https:\/\/sexshopxotic.com\/wp-content\/uploads\/2026\/03\/retardex.webp",400,500,false],"thumbnail":["https:\/\/sexshopxotic.com\/wp-content\/uploads\/2026\/03\/retardex-150x150.webp",150,150,true],"medium":["https:\/\/sexshopxotic.com\/wp-content\/uploads\/2026\/03\/retardex-240x300.webp",240,300,true],"medium_large":["https:\/\/sexshopxotic.com\/wp-content\/uploads\/2026\/03\/retardex.webp",400,500,false],"large":["https:\/\/sexshopxotic.com\/wp-content\/uploads\/2026\/03\/retardex.webp",400,500,false],"1536x1536":["https:\/\/sexshopxotic.com\/wp-content\/uploads\/2026\/03\/retardex.webp",400,500,false],"2048x2048":["https:\/\/sexshopxotic.com\/wp-content\/uploads\/2026\/03\/retardex.webp",400,500,false],"trp-custom-language-flag":["https:\/\/sexshopxotic.com\/wp-content\/uploads\/2026\/03\/retardex-10x12.webp",10,12,true],"lifterlms_certificate_background":["https:\/\/sexshopxotic.com\/wp-content\/uploads\/2026\/03\/retardex.webp",400,500,false],"llms_notification_icon":["https:\/\/sexshopxotic.com\/wp-content\/uploads\/2026\/03\/retardex-64x64.webp",64,64,true],"woocommerce_thumbnail":["https:\/\/sexshopxotic.com\/wp-content\/uploads\/2026\/03\/retardex-300x300.webp",300,300,true],"woocommerce_single":["https:\/\/sexshopxotic.com\/wp-content\/uploads\/2026\/03\/retardex.webp",400,500,false],"woocommerce_gallery_thumbnail":["https:\/\/sexshopxotic.com\/wp-content\/uploads\/2026\/03\/retardex-100x100.webp",100,100,true]},"uagb_author_info":{"display_name":"admin","author_link":"https:\/\/sexshopxotic.com\/en\/author\/"},"uagb_comment_info":0,"uagb_excerpt":"Retardante En Crema Evita La Eyaculaci\u00f3n Precoz","_links":{"self":[{"href":"https:\/\/sexshopxotic.com\/en\/wp-json\/wp\/v2\/product\/4076","targetHints":{"allow":["GET"]}}],"collection":[{"href":"https:\/\/sexshopxotic.com\/en\/wp-json\/wp\/v2\/product"}],"about":[{"href":"https:\/\/sexshopxotic.com\/en\/wp-json\/wp\/v2\/types\/product"}],"replies":[{"embeddable":true,"href":"https:\/\/sexshopxotic.com\/en\/wp-json\/wp\/v2\/comments?post=4076"}],"wp:featuredmedia":[{"embeddable":true,"href":"https:\/\/sexshopxotic.com\/en\/wp-json\/wp\/v2\/media\/4077"}],"wp:attachment":[{"href":"https:\/\/sexshopxotic.com\/en\/wp-json\/wp\/v2\/media?parent=4076"}],"wp:term":[{"taxonomy":"product_brand","embeddable":true,"href":"https:\/\/sexshopxotic.com\/en\/wp-json\/wp\/v2\/product_brand?post=4076"},{"taxonomy":"product_cat","embeddable":true,"href":"https:\/\/sexshopxotic.com\/en\/wp-json\/wp\/v2\/product_cat?post=4076"},{"taxonomy":"product_tag","embeddable":true,"href":"https:\/\/sexshopxotic.com\/en\/wp-json\/wp\/v2\/product_tag?post=4076"}],"curies":[{"name":"wp","href":"https:\/\/api.w.org\/{rel}","templated":true}]}}