{"id":2070,"date":"2025-09-01T01:25:28","date_gmt":"2025-09-01T01:25:28","guid":{"rendered":"http:\/\/sexshopxotic.com\/?product=valentines-day-special-mug"},"modified":"2026-01-27T23:44:18","modified_gmt":"2026-01-27T23:44:18","slug":"valentines-day-special-mug","status":"publish","type":"product","link":"https:\/\/sexshopxotic.com\/en\/product\/valentines-day-special-mug\/","title":{"rendered":"Bala vibradora"},"content":{"rendered":"<p>La bala vibradora es perfecta para la estimulaci\u00f3n clitorial y de zonas er\u00f3genas. Con solo 5.5 cm de largo, es incre\u00edblemente discreta y potente. Ofrece 7 modos de vibraci\u00f3n y est\u00e1 hecha de silicona suave. Es recargable e ideal para llevar a cualquier parte.<\/p>","protected":false},"excerpt":{"rendered":"<table width=\"100%\">\n<tbody>\n<tr>\n<td>Bala vibradora de silicona ultracompacta con 7 modos de vibraci\u00f3n.<\/td>\n<\/tr>\n<\/tbody>\n<\/table>","protected":false},"featured_media":3698,"comment_status":"open","ping_status":"closed","template":"","meta":{"_uag_custom_page_level_css":"","site-sidebar-layout":"default","site-content-layout":"default","ast-site-content-layout":"default","site-content-style":"default","site-sidebar-style":"default","ast-global-header-display":"","ast-banner-title-visibility":"","ast-main-header-display":"","ast-hfb-above-header-display":"","ast-hfb-below-header-display":"","ast-hfb-mobile-header-display":"","site-post-title":"","ast-breadcrumbs-content":"","ast-featured-img":"","footer-sml-layout":"","ast-disable-related-posts":"","theme-transparent-header-meta":"default","adv-header-id-meta":"","stick-header-meta":"","header-above-stick-meta":"","header-main-stick-meta":"","header-below-stick-meta":"","astra-migrate-meta-layouts":"set","ast-page-background-enabled":"default","ast-page-background-meta":{"desktop":{"background-color":"","background-image":"","background-repeat":"repeat","background-position":"center center","background-size":"auto","background-attachment":"scroll","background-type":"","background-media":"","overlay-type":"","overlay-color":"","overlay-opacity":"","overlay-gradient":""},"tablet":{"background-color":"","background-image":"","background-repeat":"repeat","background-position":"center center","background-size":"auto","background-attachment":"scroll","background-type":"","background-media":"","overlay-type":"","overlay-color":"","overlay-opacity":"","overlay-gradient":""},"mobile":{"background-color":"","background-image":"","background-repeat":"repeat","background-position":"center center","background-size":"auto","background-attachment":"scroll","background-type":"","background-media":"","overlay-type":"","overlay-color":"","overlay-opacity":"","overlay-gradient":""}},"ast-content-background-meta":{"desktop":{"background-color":"var(--ast-global-color-5)","background-image":"","background-repeat":"repeat","background-position":"center center","background-size":"auto","background-attachment":"scroll","background-type":"","background-media":"","overlay-type":"","overlay-color":"","overlay-opacity":"","overlay-gradient":""},"tablet":{"background-color":"var(--ast-global-color-5)","background-image":"","background-repeat":"repeat","background-position":"center center","background-size":"auto","background-attachment":"scroll","background-type":"","background-media":"","overlay-type":"","overlay-color":"","overlay-opacity":"","overlay-gradient":""},"mobile":{"background-color":"var(--ast-global-color-5)","background-image":"","background-repeat":"repeat","background-position":"center center","background-size":"auto","background-attachment":"scroll","background-type":"","background-media":"","overlay-type":"","overlay-color":"","overlay-opacity":"","overlay-gradient":""}},"_joinchat":[]},"product_brand":[],"product_cat":[27,28],"product_tag":[],"class_list":{"0":"post-2070","1":"product","2":"type-product","3":"status-publish","4":"has-post-thumbnail","6":"product_cat-consoladores","7":"product_cat-vibrador","8":"desktop-align-center","9":"tablet-align-center","10":"mobile-align-center","12":"first","13":"instock","14":"sale","15":"featured","16":"shipping-taxable","17":"purchasable","18":"product-type-simple"},"uagb_featured_image_src":{"full":["https:\/\/sexshopxotic.com\/wp-content\/uploads\/2025\/09\/D_NQ_NP_791780-MLU72530572427_102023-O.webp",500,484,false],"thumbnail":["https:\/\/sexshopxotic.com\/wp-content\/uploads\/2025\/09\/D_NQ_NP_791780-MLU72530572427_102023-O-150x150.webp",150,150,true],"medium":["https:\/\/sexshopxotic.com\/wp-content\/uploads\/2025\/09\/D_NQ_NP_791780-MLU72530572427_102023-O-300x290.webp",300,290,true],"medium_large":["https:\/\/sexshopxotic.com\/wp-content\/uploads\/2025\/09\/D_NQ_NP_791780-MLU72530572427_102023-O.webp",500,484,false],"large":["https:\/\/sexshopxotic.com\/wp-content\/uploads\/2025\/09\/D_NQ_NP_791780-MLU72530572427_102023-O.webp",500,484,false],"1536x1536":["https:\/\/sexshopxotic.com\/wp-content\/uploads\/2025\/09\/D_NQ_NP_791780-MLU72530572427_102023-O.webp",500,484,false],"2048x2048":["https:\/\/sexshopxotic.com\/wp-content\/uploads\/2025\/09\/D_NQ_NP_791780-MLU72530572427_102023-O.webp",500,484,false],"trp-custom-language-flag":["https:\/\/sexshopxotic.com\/wp-content\/uploads\/2025\/09\/D_NQ_NP_791780-MLU72530572427_102023-O.webp",12,12,false],"lifterlms_certificate_background":["https:\/\/sexshopxotic.com\/wp-content\/uploads\/2025\/09\/D_NQ_NP_791780-MLU72530572427_102023-O.webp",500,484,false],"llms_notification_icon":["https:\/\/sexshopxotic.com\/wp-content\/uploads\/2025\/09\/D_NQ_NP_791780-MLU72530572427_102023-O.webp",64,62,false],"woocommerce_thumbnail":["https:\/\/sexshopxotic.com\/wp-content\/uploads\/2025\/09\/D_NQ_NP_791780-MLU72530572427_102023-O-300x300.webp",300,300,true],"woocommerce_single":["https:\/\/sexshopxotic.com\/wp-content\/uploads\/2025\/09\/D_NQ_NP_791780-MLU72530572427_102023-O.webp",500,484,false],"woocommerce_gallery_thumbnail":["https:\/\/sexshopxotic.com\/wp-content\/uploads\/2025\/09\/D_NQ_NP_791780-MLU72530572427_102023-O-100x100.webp",100,100,true]},"uagb_author_info":{"display_name":"admin","author_link":"https:\/\/sexshopxotic.com\/en\/author\/"},"uagb_comment_info":0,"uagb_excerpt":"Bala vibradora de silicona ultracompacta con 7 modos de vibraci\u00f3n.","_links":{"self":[{"href":"https:\/\/sexshopxotic.com\/en\/wp-json\/wp\/v2\/product\/2070","targetHints":{"allow":["GET"]}}],"collection":[{"href":"https:\/\/sexshopxotic.com\/en\/wp-json\/wp\/v2\/product"}],"about":[{"href":"https:\/\/sexshopxotic.com\/en\/wp-json\/wp\/v2\/types\/product"}],"replies":[{"embeddable":true,"href":"https:\/\/sexshopxotic.com\/en\/wp-json\/wp\/v2\/comments?post=2070"}],"wp:featuredmedia":[{"embeddable":true,"href":"https:\/\/sexshopxotic.com\/en\/wp-json\/wp\/v2\/media\/3698"}],"wp:attachment":[{"href":"https:\/\/sexshopxotic.com\/en\/wp-json\/wp\/v2\/media?parent=2070"}],"wp:term":[{"taxonomy":"product_brand","embeddable":true,"href":"https:\/\/sexshopxotic.com\/en\/wp-json\/wp\/v2\/product_brand?post=2070"},{"taxonomy":"product_cat","embeddable":true,"href":"https:\/\/sexshopxotic.com\/en\/wp-json\/wp\/v2\/product_cat?post=2070"},{"taxonomy":"product_tag","embeddable":true,"href":"https:\/\/sexshopxotic.com\/en\/wp-json\/wp\/v2\/product_tag?post=2070"}],"curies":[{"name":"wp","href":"https:\/\/api.w.org\/{rel}","templated":true}]}}