{"id":2068,"date":"2025-09-01T01:25:28","date_gmt":"2025-09-01T01:25:28","guid":{"rendered":"http:\/\/sexshopxotic.com\/?product=white-printed-coffee-mug"},"modified":"2026-01-28T02:47:35","modified_gmt":"2026-01-28T02:47:35","slug":"white-printed-coffee-mug","status":"publish","type":"product","link":"https:\/\/sexshopxotic.com\/en\/product\/white-printed-coffee-mug\/","title":{"rendered":"Vibrador recargable Pretty Love Matt"},"content":{"rendered":"<table width=\"100%\">\n<tbody>\n<tr>\n<td>Experimenta el placer m\u00e1s profundo con el vibrador Matt, dise\u00f1ado ergon\u00f3micamente para estimular el punto G. Cuenta con 12 modos de vibraci\u00f3n potentes y silenciosos, ofreciendo una variedad de sensaciones desde un suave murmullo hasta un intenso zumbido. Fabricado con silicona de grado m\u00e9dico ultra suave y segura para el cuerpo, este vibrador tiene un largo total de 19 cm y un ancho de 4 cm. Su dise\u00f1o inal\u00e1mbrico y recargable con carga magn\u00e9tica lo hace completamente impermeable y f\u00e1cil de limpiar. Perfecto para la exploraci\u00f3n en solitario o para a\u00f1adir una chispa a los juegos en pareja.<\/td>\n<\/tr>\n<\/tbody>\n<\/table>","protected":false},"excerpt":{"rendered":"<p>Vibrador de silicona recargable con 12 modos de vibraci\u00f3n para placer punto G.<\/p>","protected":false},"featured_media":3620,"comment_status":"open","ping_status":"closed","template":"","meta":{"_uag_custom_page_level_css":"","site-sidebar-layout":"default","site-content-layout":"default","ast-site-content-layout":"default","site-content-style":"default","site-sidebar-style":"default","ast-global-header-display":"","ast-banner-title-visibility":"","ast-main-header-display":"","ast-hfb-above-header-display":"","ast-hfb-below-header-display":"","ast-hfb-mobile-header-display":"","site-post-title":"","ast-breadcrumbs-content":"","ast-featured-img":"","footer-sml-layout":"","ast-disable-related-posts":"","theme-transparent-header-meta":"default","adv-header-id-meta":"","stick-header-meta":"","header-above-stick-meta":"","header-main-stick-meta":"","header-below-stick-meta":"","astra-migrate-meta-layouts":"set","ast-page-background-enabled":"default","ast-page-background-meta":{"desktop":{"background-color":"","background-image":"","background-repeat":"repeat","background-position":"center center","background-size":"auto","background-attachment":"scroll","background-type":"","background-media":"","overlay-type":"","overlay-color":"","overlay-opacity":"","overlay-gradient":""},"tablet":{"background-color":"","background-image":"","background-repeat":"repeat","background-position":"center center","background-size":"auto","background-attachment":"scroll","background-type":"","background-media":"","overlay-type":"","overlay-color":"","overlay-opacity":"","overlay-gradient":""},"mobile":{"background-color":"","background-image":"","background-repeat":"repeat","background-position":"center center","background-size":"auto","background-attachment":"scroll","background-type":"","background-media":"","overlay-type":"","overlay-color":"","overlay-opacity":"","overlay-gradient":""}},"ast-content-background-meta":{"desktop":{"background-color":"var(--ast-global-color-5)","background-image":"","background-repeat":"repeat","background-position":"center center","background-size":"auto","background-attachment":"scroll","background-type":"","background-media":"","overlay-type":"","overlay-color":"","overlay-opacity":"","overlay-gradient":""},"tablet":{"background-color":"var(--ast-global-color-5)","background-image":"","background-repeat":"repeat","background-position":"center center","background-size":"auto","background-attachment":"scroll","background-type":"","background-media":"","overlay-type":"","overlay-color":"","overlay-opacity":"","overlay-gradient":""},"mobile":{"background-color":"var(--ast-global-color-5)","background-image":"","background-repeat":"repeat","background-position":"center center","background-size":"auto","background-attachment":"scroll","background-type":"","background-media":"","overlay-type":"","overlay-color":"","overlay-opacity":"","overlay-gradient":""}},"_joinchat":[]},"product_brand":[],"product_cat":[38,27,15,28],"product_tag":[24,25,26,23],"class_list":{"0":"post-2068","1":"product","2":"type-product","3":"status-publish","4":"has-post-thumbnail","6":"product_cat-juguetes-parejas","7":"product_cat-consoladores","8":"product_cat-sin-categorizar","9":"product_cat-vibrador","10":"product_tag-consolador","11":"product_tag-placer","12":"product_tag-punto-g","13":"product_tag-vibrador","14":"desktop-align-center","15":"tablet-align-center","16":"mobile-align-center","18":"first","19":"instock","20":"sale","21":"shipping-taxable","22":"purchasable","23":"product-type-simple"},"uagb_featured_image_src":{"full":["https:\/\/sexshopxotic.com\/wp-content\/uploads\/2025\/09\/61oloPRQS-S._AC_SY679_.jpg",505,679,false],"thumbnail":["https:\/\/sexshopxotic.com\/wp-content\/uploads\/2025\/09\/61oloPRQS-S._AC_SY679_-150x150.jpg",150,150,true],"medium":["https:\/\/sexshopxotic.com\/wp-content\/uploads\/2025\/09\/61oloPRQS-S._AC_SY679_-223x300.jpg",223,300,true],"medium_large":["https:\/\/sexshopxotic.com\/wp-content\/uploads\/2025\/09\/61oloPRQS-S._AC_SY679_.jpg",505,679,false],"large":["https:\/\/sexshopxotic.com\/wp-content\/uploads\/2025\/09\/61oloPRQS-S._AC_SY679_.jpg",505,679,false],"1536x1536":["https:\/\/sexshopxotic.com\/wp-content\/uploads\/2025\/09\/61oloPRQS-S._AC_SY679_.jpg",505,679,false],"2048x2048":["https:\/\/sexshopxotic.com\/wp-content\/uploads\/2025\/09\/61oloPRQS-S._AC_SY679_.jpg",505,679,false],"trp-custom-language-flag":["https:\/\/sexshopxotic.com\/wp-content\/uploads\/2025\/09\/61oloPRQS-S._AC_SY679_.jpg",9,12,false],"lifterlms_certificate_background":["https:\/\/sexshopxotic.com\/wp-content\/uploads\/2025\/09\/61oloPRQS-S._AC_SY679_.jpg",458,616,false],"llms_notification_icon":["https:\/\/sexshopxotic.com\/wp-content\/uploads\/2025\/09\/61oloPRQS-S._AC_SY679_.jpg",48,64,false],"woocommerce_thumbnail":["https:\/\/sexshopxotic.com\/wp-content\/uploads\/2025\/09\/61oloPRQS-S._AC_SY679_-300x300.jpg",300,300,true],"woocommerce_single":["https:\/\/sexshopxotic.com\/wp-content\/uploads\/2025\/09\/61oloPRQS-S._AC_SY679_.jpg",505,679,false],"woocommerce_gallery_thumbnail":["https:\/\/sexshopxotic.com\/wp-content\/uploads\/2025\/09\/61oloPRQS-S._AC_SY679_-100x100.jpg",100,100,true]},"uagb_author_info":{"display_name":"admin","author_link":"https:\/\/sexshopxotic.com\/en\/author\/"},"uagb_comment_info":0,"uagb_excerpt":"Vibrador de silicona recargable con 12 modos de vibraci\u00f3n para placer punto G.","_links":{"self":[{"href":"https:\/\/sexshopxotic.com\/en\/wp-json\/wp\/v2\/product\/2068","targetHints":{"allow":["GET"]}}],"collection":[{"href":"https:\/\/sexshopxotic.com\/en\/wp-json\/wp\/v2\/product"}],"about":[{"href":"https:\/\/sexshopxotic.com\/en\/wp-json\/wp\/v2\/types\/product"}],"replies":[{"embeddable":true,"href":"https:\/\/sexshopxotic.com\/en\/wp-json\/wp\/v2\/comments?post=2068"}],"wp:featuredmedia":[{"embeddable":true,"href":"https:\/\/sexshopxotic.com\/en\/wp-json\/wp\/v2\/media\/3620"}],"wp:attachment":[{"href":"https:\/\/sexshopxotic.com\/en\/wp-json\/wp\/v2\/media?parent=2068"}],"wp:term":[{"taxonomy":"product_brand","embeddable":true,"href":"https:\/\/sexshopxotic.com\/en\/wp-json\/wp\/v2\/product_brand?post=2068"},{"taxonomy":"product_cat","embeddable":true,"href":"https:\/\/sexshopxotic.com\/en\/wp-json\/wp\/v2\/product_cat?post=2068"},{"taxonomy":"product_tag","embeddable":true,"href":"https:\/\/sexshopxotic.com\/en\/wp-json\/wp\/v2\/product_tag?post=2068"}],"curies":[{"name":"wp","href":"https:\/\/api.w.org\/{rel}","templated":true}]}}