{"id":2067,"date":"2025-09-01T01:25:25","date_gmt":"2025-09-01T01:25:25","guid":{"rendered":"http:\/\/sexshopxotic.com\/?product=motorcycle-repair-shop-blue-printed-tshirt"},"modified":"2026-01-28T02:48:19","modified_gmt":"2026-01-28T02:48:19","slug":"motorcycle-repair-shop-blue-printed-tshirt","status":"publish","type":"product","link":"https:\/\/sexshopxotic.com\/en\/product\/motorcycle-repair-shop-blue-printed-tshirt\/","title":{"rendered":"Basic Luv Theory"},"content":{"rendered":"<p>Rabbit doble estilumaci\u00f3n, recargable.<\/p>","protected":false},"excerpt":{"rendered":"<p>Romp Vibe es la forma correcta de alcanzar orgasmos con un poder poco com\u00fan. Se trata de un conejito de silicona hipoalerg\u00e9nico con un eje central curvado que se desliza h\u00e1bilmente en la vagina para alcanzar el deseado punto G, y una punta m\u00e1s peque\u00f1a que acaricia sensualmente el cl\u00edtoris: doble estimulaci\u00f3n para doble placer. El juguete tambi\u00e9n tiene un revestimiento impermeable, es suave al tacto y tiene 10 modos de vibraci\u00f3n. Se puede cargar mediante el cable USB incluido.<\/p>","protected":false},"featured_media":3750,"comment_status":"open","ping_status":"closed","template":"","meta":{"_uag_custom_page_level_css":"","site-sidebar-layout":"default","site-content-layout":"default","ast-site-content-layout":"default","site-content-style":"default","site-sidebar-style":"default","ast-global-header-display":"","ast-banner-title-visibility":"","ast-main-header-display":"","ast-hfb-above-header-display":"","ast-hfb-below-header-display":"","ast-hfb-mobile-header-display":"","site-post-title":"","ast-breadcrumbs-content":"","ast-featured-img":"","footer-sml-layout":"","ast-disable-related-posts":"","theme-transparent-header-meta":"default","adv-header-id-meta":"","stick-header-meta":"","header-above-stick-meta":"","header-main-stick-meta":"","header-below-stick-meta":"","astra-migrate-meta-layouts":"set","ast-page-background-enabled":"default","ast-page-background-meta":{"desktop":{"background-color":"","background-image":"","background-repeat":"repeat","background-position":"center center","background-size":"auto","background-attachment":"scroll","background-type":"","background-media":"","overlay-type":"","overlay-color":"","overlay-opacity":"","overlay-gradient":""},"tablet":{"background-color":"","background-image":"","background-repeat":"repeat","background-position":"center center","background-size":"auto","background-attachment":"scroll","background-type":"","background-media":"","overlay-type":"","overlay-color":"","overlay-opacity":"","overlay-gradient":""},"mobile":{"background-color":"","background-image":"","background-repeat":"repeat","background-position":"center center","background-size":"auto","background-attachment":"scroll","background-type":"","background-media":"","overlay-type":"","overlay-color":"","overlay-opacity":"","overlay-gradient":""}},"ast-content-background-meta":{"desktop":{"background-color":"var(--ast-global-color-5)","background-image":"","background-repeat":"repeat","background-position":"center center","background-size":"auto","background-attachment":"scroll","background-type":"","background-media":"","overlay-type":"","overlay-color":"","overlay-opacity":"","overlay-gradient":""},"tablet":{"background-color":"var(--ast-global-color-5)","background-image":"","background-repeat":"repeat","background-position":"center center","background-size":"auto","background-attachment":"scroll","background-type":"","background-media":"","overlay-type":"","overlay-color":"","overlay-opacity":"","overlay-gradient":""},"mobile":{"background-color":"var(--ast-global-color-5)","background-image":"","background-repeat":"repeat","background-position":"center center","background-size":"auto","background-attachment":"scroll","background-type":"","background-media":"","overlay-type":"","overlay-color":"","overlay-opacity":"","overlay-gradient":""}},"_joinchat":[]},"product_brand":[],"product_cat":[38,27,15,28],"product_tag":[],"class_list":{"0":"post-2067","1":"product","2":"type-product","3":"status-publish","4":"has-post-thumbnail","6":"product_cat-juguetes-parejas","7":"product_cat-consoladores","8":"product_cat-sin-categorizar","9":"product_cat-vibrador","10":"desktop-align-center","11":"tablet-align-center","12":"mobile-align-center","14":"first","15":"instock","16":"sale","17":"featured","18":"shipping-taxable","19":"purchasable","20":"product-type-simple"},"uagb_featured_image_src":{"full":["https:\/\/sexshopxotic.com\/wp-content\/uploads\/2025\/09\/basic-luv-theory-romp-vibe-pink.jpg",690,920,false],"thumbnail":["https:\/\/sexshopxotic.com\/wp-content\/uploads\/2025\/09\/basic-luv-theory-romp-vibe-pink-150x150.jpg",150,150,true],"medium":["https:\/\/sexshopxotic.com\/wp-content\/uploads\/2025\/09\/basic-luv-theory-romp-vibe-pink-225x300.jpg",225,300,true],"medium_large":["https:\/\/sexshopxotic.com\/wp-content\/uploads\/2025\/09\/basic-luv-theory-romp-vibe-pink.jpg",690,920,false],"large":["https:\/\/sexshopxotic.com\/wp-content\/uploads\/2025\/09\/basic-luv-theory-romp-vibe-pink.jpg",690,920,false],"1536x1536":["https:\/\/sexshopxotic.com\/wp-content\/uploads\/2025\/09\/basic-luv-theory-romp-vibe-pink.jpg",690,920,false],"2048x2048":["https:\/\/sexshopxotic.com\/wp-content\/uploads\/2025\/09\/basic-luv-theory-romp-vibe-pink.jpg",690,920,false],"trp-custom-language-flag":["https:\/\/sexshopxotic.com\/wp-content\/uploads\/2025\/09\/basic-luv-theory-romp-vibe-pink.jpg",9,12,false],"lifterlms_certificate_background":["https:\/\/sexshopxotic.com\/wp-content\/uploads\/2025\/09\/basic-luv-theory-romp-vibe-pink.jpg",462,616,false],"llms_notification_icon":["https:\/\/sexshopxotic.com\/wp-content\/uploads\/2025\/09\/basic-luv-theory-romp-vibe-pink.jpg",48,64,false],"woocommerce_thumbnail":["https:\/\/sexshopxotic.com\/wp-content\/uploads\/2025\/09\/basic-luv-theory-romp-vibe-pink-300x300.jpg",300,300,true],"woocommerce_single":["https:\/\/sexshopxotic.com\/wp-content\/uploads\/2025\/09\/basic-luv-theory-romp-vibe-pink-600x800.jpg",600,800,true],"woocommerce_gallery_thumbnail":["https:\/\/sexshopxotic.com\/wp-content\/uploads\/2025\/09\/basic-luv-theory-romp-vibe-pink-100x100.jpg",100,100,true]},"uagb_author_info":{"display_name":"admin","author_link":"https:\/\/sexshopxotic.com\/en\/author\/"},"uagb_comment_info":0,"uagb_excerpt":"Romp Vibe es la forma correcta de alcanzar orgasmos con un poder poco com\u00fan. Se trata de un conejito de silicona hipoalerg\u00e9nico con un eje central curvado que se desliza h\u00e1bilmente en la vagina para alcanzar el deseado punto G, y una punta m\u00e1s peque\u00f1a que acaricia sensualmente el cl\u00edtoris: doble estimulaci\u00f3n para doble placer.&hellip;","_links":{"self":[{"href":"https:\/\/sexshopxotic.com\/en\/wp-json\/wp\/v2\/product\/2067","targetHints":{"allow":["GET"]}}],"collection":[{"href":"https:\/\/sexshopxotic.com\/en\/wp-json\/wp\/v2\/product"}],"about":[{"href":"https:\/\/sexshopxotic.com\/en\/wp-json\/wp\/v2\/types\/product"}],"replies":[{"embeddable":true,"href":"https:\/\/sexshopxotic.com\/en\/wp-json\/wp\/v2\/comments?post=2067"}],"wp:featuredmedia":[{"embeddable":true,"href":"https:\/\/sexshopxotic.com\/en\/wp-json\/wp\/v2\/media\/3750"}],"wp:attachment":[{"href":"https:\/\/sexshopxotic.com\/en\/wp-json\/wp\/v2\/media?parent=2067"}],"wp:term":[{"taxonomy":"product_brand","embeddable":true,"href":"https:\/\/sexshopxotic.com\/en\/wp-json\/wp\/v2\/product_brand?post=2067"},{"taxonomy":"product_cat","embeddable":true,"href":"https:\/\/sexshopxotic.com\/en\/wp-json\/wp\/v2\/product_cat?post=2067"},{"taxonomy":"product_tag","embeddable":true,"href":"https:\/\/sexshopxotic.com\/en\/wp-json\/wp\/v2\/product_tag?post=2067"}],"curies":[{"name":"wp","href":"https:\/\/api.w.org\/{rel}","templated":true}]}}