{"id":2064,"date":"2025-09-01T01:25:25","date_gmt":"2025-09-01T01:25:25","guid":{"rendered":"http:\/\/sexshopxotic.com\/?product=typography-teal-printed-tshirt"},"modified":"2026-01-28T02:34:19","modified_gmt":"2026-01-28T02:34:19","slug":"typography-teal-printed-tshirt","status":"publish","type":"product","link":"https:\/\/sexshopxotic.com\/en\/product\/typography-teal-printed-tshirt\/","title":{"rendered":"ABNER BLACK, vibrador con control a distancia."},"content":{"rendered":"<p>\u200b\u200bDisfruta del placer mientras viajas con este peque\u00f1o huevo vibrador remoto incre\u00edblemente discreto. Esta bala de huevo es suave y redondeada con una punta c\u00f3nica para una estimulaci\u00f3n perfecta y es ideal para los juegos previos y la estimulaci\u00f3n durante el d\u00eda. Lleva tu vida amorosa al siguiente nivel y cede el control a tu pareja. Deslice esta belleza er\u00f3tica en su ropa interior, para que pueda recibir un incre\u00edble placer espont\u00e1neo de manos de su pareja, sin importar su ubicaci\u00f3n. Avanzado con aplicaciones gratuitas de control de tel\u00e9fonos inteligentes, los huevos est\u00e1n hechos de silicona e incluyen 12 funciones diferentes de vibraci\u00f3n. Es algo que definitivamente no te querr\u00e1s perder.<\/p>","protected":false},"excerpt":{"rendered":"<ul>\n<li>Huevo Vibrador con App<\/li>\n<li>12 funciones de vibraci\u00f3n us\u00e1ndolo en modo manual<\/li>\n<li>Infinitos modos de vibraci\u00f3n us\u00e1ndolo con su APP<\/li>\n<li>Control por APP (bluetooth y\/o a trav\u00e9s de internet desde cualquier parte de mundo)<\/li>\n<li>Compatible con APP gratuita Prettylove (iOS y Android)<\/li>\n<li>Funciones personalizables desde tu smartphone<\/li>\n<li>Puedes sincronizar las vibraciones con tu m\u00fasica<\/li>\n<li>Ayuda a tonificar suelo p\u00e9lvico<\/li>\n<li>Motor potente y silencioso<\/li>\n<li>Hecho en silicona premium + ABS<\/li>\n<li>Recargable v\u00eda USB (cable incluido)<\/li>\n<li>Con 1.5 horas de carga conseguir\u00e1s hasta 1 hora de diversi\u00f3n<\/li>\n<li>Libre de Ftalatos<\/li>\n<li>Libre de olor<\/li>\n<li>Suave y Flexible<\/li>\n<li>Largo insertable: 7,2 cm<\/li>\n<li>Di\u00e1metro: 3,3 cm<\/li>\n<li>Peso: 55 gr<\/li>\n<li>Color: Morado<\/li>\n<\/ul>","protected":false},"featured_media":3744,"comment_status":"open","ping_status":"closed","template":"","meta":{"_uag_custom_page_level_css":"","site-sidebar-layout":"default","site-content-layout":"default","ast-site-content-layout":"default","site-content-style":"default","site-sidebar-style":"default","ast-global-header-display":"","ast-banner-title-visibility":"","ast-main-header-display":"","ast-hfb-above-header-display":"","ast-hfb-below-header-display":"","ast-hfb-mobile-header-display":"","site-post-title":"","ast-breadcrumbs-content":"","ast-featured-img":"","footer-sml-layout":"","ast-disable-related-posts":"","theme-transparent-header-meta":"default","adv-header-id-meta":"","stick-header-meta":"","header-above-stick-meta":"","header-main-stick-meta":"","header-below-stick-meta":"","astra-migrate-meta-layouts":"set","ast-page-background-enabled":"default","ast-page-background-meta":{"desktop":{"background-color":"","background-image":"","background-repeat":"repeat","background-position":"center center","background-size":"auto","background-attachment":"scroll","background-type":"","background-media":"","overlay-type":"","overlay-color":"","overlay-opacity":"","overlay-gradient":""},"tablet":{"background-color":"","background-image":"","background-repeat":"repeat","background-position":"center center","background-size":"auto","background-attachment":"scroll","background-type":"","background-media":"","overlay-type":"","overlay-color":"","overlay-opacity":"","overlay-gradient":""},"mobile":{"background-color":"","background-image":"","background-repeat":"repeat","background-position":"center center","background-size":"auto","background-attachment":"scroll","background-type":"","background-media":"","overlay-type":"","overlay-color":"","overlay-opacity":"","overlay-gradient":""}},"ast-content-background-meta":{"desktop":{"background-color":"var(--ast-global-color-5)","background-image":"","background-repeat":"repeat","background-position":"center center","background-size":"auto","background-attachment":"scroll","background-type":"","background-media":"","overlay-type":"","overlay-color":"","overlay-opacity":"","overlay-gradient":""},"tablet":{"background-color":"var(--ast-global-color-5)","background-image":"","background-repeat":"repeat","background-position":"center center","background-size":"auto","background-attachment":"scroll","background-type":"","background-media":"","overlay-type":"","overlay-color":"","overlay-opacity":"","overlay-gradient":""},"mobile":{"background-color":"var(--ast-global-color-5)","background-image":"","background-repeat":"repeat","background-position":"center center","background-size":"auto","background-attachment":"scroll","background-type":"","background-media":"","overlay-type":"","overlay-color":"","overlay-opacity":"","overlay-gradient":""}},"_joinchat":[]},"product_brand":[],"product_cat":[38,27,28],"product_tag":[],"class_list":{"0":"post-2064","1":"product","2":"type-product","3":"status-publish","4":"has-post-thumbnail","6":"product_cat-juguetes-parejas","7":"product_cat-consoladores","8":"product_cat-vibrador","9":"desktop-align-center","10":"tablet-align-center","11":"mobile-align-center","13":"first","14":"instock","15":"sale","16":"featured","17":"shipping-taxable","18":"purchasable","19":"product-type-simple"},"uagb_featured_image_src":{"full":["https:\/\/sexshopxotic.com\/wp-content\/uploads\/2025\/09\/abner-3.jpg",800,800,false],"thumbnail":["https:\/\/sexshopxotic.com\/wp-content\/uploads\/2025\/09\/abner-3-150x150.jpg",150,150,true],"medium":["https:\/\/sexshopxotic.com\/wp-content\/uploads\/2025\/09\/abner-3-300x300.jpg",300,300,true],"medium_large":["https:\/\/sexshopxotic.com\/wp-content\/uploads\/2025\/09\/abner-3-768x768.jpg",768,768,true],"large":["https:\/\/sexshopxotic.com\/wp-content\/uploads\/2025\/09\/abner-3.jpg",800,800,false],"1536x1536":["https:\/\/sexshopxotic.com\/wp-content\/uploads\/2025\/09\/abner-3.jpg",800,800,false],"2048x2048":["https:\/\/sexshopxotic.com\/wp-content\/uploads\/2025\/09\/abner-3.jpg",800,800,false],"trp-custom-language-flag":["https:\/\/sexshopxotic.com\/wp-content\/uploads\/2025\/09\/abner-3.jpg",12,12,false],"lifterlms_certificate_background":["https:\/\/sexshopxotic.com\/wp-content\/uploads\/2025\/09\/abner-3.jpg",616,616,false],"llms_notification_icon":["https:\/\/sexshopxotic.com\/wp-content\/uploads\/2025\/09\/abner-3.jpg",64,64,false],"woocommerce_thumbnail":["https:\/\/sexshopxotic.com\/wp-content\/uploads\/2025\/09\/abner-3-300x300.jpg",300,300,true],"woocommerce_single":["https:\/\/sexshopxotic.com\/wp-content\/uploads\/2025\/09\/abner-3-600x600.jpg",600,600,true],"woocommerce_gallery_thumbnail":["https:\/\/sexshopxotic.com\/wp-content\/uploads\/2025\/09\/abner-3-100x100.jpg",100,100,true]},"uagb_author_info":{"display_name":"admin","author_link":"https:\/\/sexshopxotic.com\/en\/author\/"},"uagb_comment_info":0,"uagb_excerpt":"Huevo Vibrador con App 12 funciones de vibraci\u00f3n us\u00e1ndolo en modo manual Infinitos modos de vibraci\u00f3n us\u00e1ndolo con su APP Control por APP (bluetooth y\/o a trav\u00e9s de internet desde cualquier parte de mundo) Compatible con APP gratuita Prettylove (iOS y Android) Funciones personalizables desde tu smartphone Puedes sincronizar las vibraciones con tu m\u00fasica Ayuda&hellip;","_links":{"self":[{"href":"https:\/\/sexshopxotic.com\/en\/wp-json\/wp\/v2\/product\/2064","targetHints":{"allow":["GET"]}}],"collection":[{"href":"https:\/\/sexshopxotic.com\/en\/wp-json\/wp\/v2\/product"}],"about":[{"href":"https:\/\/sexshopxotic.com\/en\/wp-json\/wp\/v2\/types\/product"}],"replies":[{"embeddable":true,"href":"https:\/\/sexshopxotic.com\/en\/wp-json\/wp\/v2\/comments?post=2064"}],"wp:featuredmedia":[{"embeddable":true,"href":"https:\/\/sexshopxotic.com\/en\/wp-json\/wp\/v2\/media\/3744"}],"wp:attachment":[{"href":"https:\/\/sexshopxotic.com\/en\/wp-json\/wp\/v2\/media?parent=2064"}],"wp:term":[{"taxonomy":"product_brand","embeddable":true,"href":"https:\/\/sexshopxotic.com\/en\/wp-json\/wp\/v2\/product_brand?post=2064"},{"taxonomy":"product_cat","embeddable":true,"href":"https:\/\/sexshopxotic.com\/en\/wp-json\/wp\/v2\/product_cat?post=2064"},{"taxonomy":"product_tag","embeddable":true,"href":"https:\/\/sexshopxotic.com\/en\/wp-json\/wp\/v2\/product_tag?post=2064"}],"curies":[{"name":"wp","href":"https:\/\/api.w.org\/{rel}","templated":true}]}}