{"id":2063,"date":"2025-09-01T01:25:25","date_gmt":"2025-09-01T01:25:25","guid":{"rendered":"http:\/\/sexshopxotic.com\/?product=plain-white-tshirt"},"modified":"2026-01-28T02:24:20","modified_gmt":"2026-01-28T02:24:20","slug":"plain-white-tshirt","status":"publish","type":"product","link":"https:\/\/sexshopxotic.com\/en\/product\/plain-white-tshirt\/","title":{"rendered":"Kit kegel \u2013 Orgasmic Ball"},"content":{"rendered":"<p>Para una vagina fuerte y estimulada, estas bolas dobles de Kegel fabricadas en silicona son el juguete ideal para ti. Desliza estas bolas de 36 mm de ancho en tu vagina y siente la incre\u00edble estimulaci\u00f3n que brindan. Cada bola de Kegel contiene un peso m\u00e1s peque\u00f1o en su interior, por lo que con cada movimiento que haga su cuerpo, estas bolas har\u00e1n clic y chocar\u00e1n entre s\u00ed, enviando deliciosos espasmos a trav\u00e9s de sus m\u00fasculos vaginales. Estos espasmos no s\u00f3lo funcionar\u00e1n para estimular tu vagina, sino que tambi\u00e9n actuar\u00e1n como un ejercicio vaginal, haciendo que tus m\u00fasculos internos sean m\u00e1s fuertes y tensos para un mayor placer.<\/p>","protected":false},"excerpt":{"rendered":"<ul>\n<li>Material silicona m\u00e9dica<\/li>\n<li>Impermeable<\/li>\n<li>F\u00e1cil uso y limpieza<\/li>\n<li>Peso de Bola Azul: 40 gr \u2013 3.6 cm<\/li>\n<li>Peso de Bola Morado: 30 gr 3.1 cm<\/li>\n<li>Largo total: 25 cm<\/li>\n<\/ul>","protected":false},"featured_media":3739,"comment_status":"open","ping_status":"closed","template":"","meta":{"_uag_custom_page_level_css":"","site-sidebar-layout":"default","site-content-layout":"default","ast-site-content-layout":"default","site-content-style":"default","site-sidebar-style":"default","ast-global-header-display":"","ast-banner-title-visibility":"","ast-main-header-display":"","ast-hfb-above-header-display":"","ast-hfb-below-header-display":"","ast-hfb-mobile-header-display":"","site-post-title":"","ast-breadcrumbs-content":"","ast-featured-img":"","footer-sml-layout":"","ast-disable-related-posts":"","theme-transparent-header-meta":"default","adv-header-id-meta":"","stick-header-meta":"","header-above-stick-meta":"","header-main-stick-meta":"","header-below-stick-meta":"","astra-migrate-meta-layouts":"set","ast-page-background-enabled":"default","ast-page-background-meta":{"desktop":{"background-color":"","background-image":"","background-repeat":"repeat","background-position":"center center","background-size":"auto","background-attachment":"scroll","background-type":"","background-media":"","overlay-type":"","overlay-color":"","overlay-opacity":"","overlay-gradient":""},"tablet":{"background-color":"","background-image":"","background-repeat":"repeat","background-position":"center center","background-size":"auto","background-attachment":"scroll","background-type":"","background-media":"","overlay-type":"","overlay-color":"","overlay-opacity":"","overlay-gradient":""},"mobile":{"background-color":"","background-image":"","background-repeat":"repeat","background-position":"center center","background-size":"auto","background-attachment":"scroll","background-type":"","background-media":"","overlay-type":"","overlay-color":"","overlay-opacity":"","overlay-gradient":""}},"ast-content-background-meta":{"desktop":{"background-color":"var(--ast-global-color-5)","background-image":"","background-repeat":"repeat","background-position":"center center","background-size":"auto","background-attachment":"scroll","background-type":"","background-media":"","overlay-type":"","overlay-color":"","overlay-opacity":"","overlay-gradient":""},"tablet":{"background-color":"var(--ast-global-color-5)","background-image":"","background-repeat":"repeat","background-position":"center center","background-size":"auto","background-attachment":"scroll","background-type":"","background-media":"","overlay-type":"","overlay-color":"","overlay-opacity":"","overlay-gradient":""},"mobile":{"background-color":"var(--ast-global-color-5)","background-image":"","background-repeat":"repeat","background-position":"center center","background-size":"auto","background-attachment":"scroll","background-type":"","background-media":"","overlay-type":"","overlay-color":"","overlay-opacity":"","overlay-gradient":""}},"_joinchat":[]},"product_brand":[],"product_cat":[38,27],"product_tag":[],"class_list":{"0":"post-2063","1":"product","2":"type-product","3":"status-publish","4":"has-post-thumbnail","6":"product_cat-juguetes-parejas","7":"product_cat-consoladores","8":"desktop-align-center","9":"tablet-align-center","10":"mobile-align-center","12":"first","13":"instock","14":"sale","15":"featured","16":"shipping-taxable","17":"purchasable","18":"product-type-simple"},"uagb_featured_image_src":{"full":["https:\/\/sexshopxotic.com\/wp-content\/uploads\/2025\/09\/balls1.webp",1200,1157,false],"thumbnail":["https:\/\/sexshopxotic.com\/wp-content\/uploads\/2025\/09\/balls1-150x150.webp",150,150,true],"medium":["https:\/\/sexshopxotic.com\/wp-content\/uploads\/2025\/09\/balls1-300x289.webp",300,289,true],"medium_large":["https:\/\/sexshopxotic.com\/wp-content\/uploads\/2025\/09\/balls1-768x740.webp",768,740,true],"large":["https:\/\/sexshopxotic.com\/wp-content\/uploads\/2025\/09\/balls1-1024x987.webp",1024,987,true],"1536x1536":["https:\/\/sexshopxotic.com\/wp-content\/uploads\/2025\/09\/balls1.webp",1200,1157,false],"2048x2048":["https:\/\/sexshopxotic.com\/wp-content\/uploads\/2025\/09\/balls1.webp",1200,1157,false],"trp-custom-language-flag":["https:\/\/sexshopxotic.com\/wp-content\/uploads\/2025\/09\/balls1.webp",12,12,false],"lifterlms_certificate_background":["https:\/\/sexshopxotic.com\/wp-content\/uploads\/2025\/09\/balls1.webp",639,616,false],"llms_notification_icon":["https:\/\/sexshopxotic.com\/wp-content\/uploads\/2025\/09\/balls1.webp",64,62,false],"woocommerce_thumbnail":["https:\/\/sexshopxotic.com\/wp-content\/uploads\/2025\/09\/balls1-300x300.webp",300,300,true],"woocommerce_single":["https:\/\/sexshopxotic.com\/wp-content\/uploads\/2025\/09\/balls1-600x579.webp",600,579,true],"woocommerce_gallery_thumbnail":["https:\/\/sexshopxotic.com\/wp-content\/uploads\/2025\/09\/balls1-100x100.webp",100,100,true]},"uagb_author_info":{"display_name":"admin","author_link":"https:\/\/sexshopxotic.com\/en\/author\/"},"uagb_comment_info":0,"uagb_excerpt":"Material silicona m\u00e9dica Impermeable F\u00e1cil uso y limpieza Peso de Bola Azul: 40 gr \u2013 3.6 cm Peso de Bola Morado: 30 gr 3.1 cm Largo total: 25 cm","_links":{"self":[{"href":"https:\/\/sexshopxotic.com\/en\/wp-json\/wp\/v2\/product\/2063","targetHints":{"allow":["GET"]}}],"collection":[{"href":"https:\/\/sexshopxotic.com\/en\/wp-json\/wp\/v2\/product"}],"about":[{"href":"https:\/\/sexshopxotic.com\/en\/wp-json\/wp\/v2\/types\/product"}],"replies":[{"embeddable":true,"href":"https:\/\/sexshopxotic.com\/en\/wp-json\/wp\/v2\/comments?post=2063"}],"wp:featuredmedia":[{"embeddable":true,"href":"https:\/\/sexshopxotic.com\/en\/wp-json\/wp\/v2\/media\/3739"}],"wp:attachment":[{"href":"https:\/\/sexshopxotic.com\/en\/wp-json\/wp\/v2\/media?parent=2063"}],"wp:term":[{"taxonomy":"product_brand","embeddable":true,"href":"https:\/\/sexshopxotic.com\/en\/wp-json\/wp\/v2\/product_brand?post=2063"},{"taxonomy":"product_cat","embeddable":true,"href":"https:\/\/sexshopxotic.com\/en\/wp-json\/wp\/v2\/product_cat?post=2063"},{"taxonomy":"product_tag","embeddable":true,"href":"https:\/\/sexshopxotic.com\/en\/wp-json\/wp\/v2\/product_tag?post=2063"}],"curies":[{"name":"wp","href":"https:\/\/api.w.org\/{rel}","templated":true}]}}