{"id":2062,"date":"2025-09-01T01:25:25","date_gmt":"2025-09-01T01:25:25","guid":{"rendered":"http:\/\/sexshopxotic.com\/?product=green-printed-tshirt"},"modified":"2026-01-28T02:17:49","modified_gmt":"2026-01-28T02:17:49","slug":"green-printed-tshirt","status":"publish","type":"product","link":"https:\/\/sexshopxotic.com\/en\/product\/green-printed-tshirt\/","title":{"rendered":"Masturbador Masculino Pretty Love Kitty Ano 3d Suave"},"content":{"rendered":"<p>Este masturbador har\u00e1 que el juego en solitario nunca vuelva a ser lo mismo. El t\u00fanel est\u00e1 fabricado de silicona y pl\u00e1stico duro para que la sensaci\u00f3n sea dura pero agradable. No dudes en usar tu lubricante a base de agua favorito para una experiencia extra h\u00fameda.<\/p>","protected":false},"excerpt":{"rendered":"<p>Masturbador masculino, ano. Tambi\u00e9n disponible en forma de vagina.<\/p>","protected":false},"featured_media":3735,"comment_status":"open","ping_status":"closed","template":"","meta":{"_uag_custom_page_level_css":"","site-sidebar-layout":"default","site-content-layout":"default","ast-site-content-layout":"default","site-content-style":"default","site-sidebar-style":"default","ast-global-header-display":"","ast-banner-title-visibility":"","ast-main-header-display":"","ast-hfb-above-header-display":"","ast-hfb-below-header-display":"","ast-hfb-mobile-header-display":"","site-post-title":"","ast-breadcrumbs-content":"","ast-featured-img":"","footer-sml-layout":"","ast-disable-related-posts":"","theme-transparent-header-meta":"default","adv-header-id-meta":"","stick-header-meta":"","header-above-stick-meta":"","header-main-stick-meta":"","header-below-stick-meta":"","astra-migrate-meta-layouts":"set","ast-page-background-enabled":"default","ast-page-background-meta":{"desktop":{"background-color":"","background-image":"","background-repeat":"repeat","background-position":"center center","background-size":"auto","background-attachment":"scroll","background-type":"","background-media":"","overlay-type":"","overlay-color":"","overlay-opacity":"","overlay-gradient":""},"tablet":{"background-color":"","background-image":"","background-repeat":"repeat","background-position":"center center","background-size":"auto","background-attachment":"scroll","background-type":"","background-media":"","overlay-type":"","overlay-color":"","overlay-opacity":"","overlay-gradient":""},"mobile":{"background-color":"","background-image":"","background-repeat":"repeat","background-position":"center center","background-size":"auto","background-attachment":"scroll","background-type":"","background-media":"","overlay-type":"","overlay-color":"","overlay-opacity":"","overlay-gradient":""}},"ast-content-background-meta":{"desktop":{"background-color":"var(--ast-global-color-5)","background-image":"","background-repeat":"repeat","background-position":"center center","background-size":"auto","background-attachment":"scroll","background-type":"","background-media":"","overlay-type":"","overlay-color":"","overlay-opacity":"","overlay-gradient":""},"tablet":{"background-color":"var(--ast-global-color-5)","background-image":"","background-repeat":"repeat","background-position":"center center","background-size":"auto","background-attachment":"scroll","background-type":"","background-media":"","overlay-type":"","overlay-color":"","overlay-opacity":"","overlay-gradient":""},"mobile":{"background-color":"var(--ast-global-color-5)","background-image":"","background-repeat":"repeat","background-position":"center center","background-size":"auto","background-attachment":"scroll","background-type":"","background-media":"","overlay-type":"","overlay-color":"","overlay-opacity":"","overlay-gradient":""}},"_joinchat":[]},"product_brand":[],"product_cat":[41,27,28],"product_tag":[],"class_list":{"0":"post-2062","1":"product","2":"type-product","3":"status-publish","4":"has-post-thumbnail","6":"product_cat-marturbador-masculino","7":"product_cat-consoladores","8":"product_cat-vibrador","9":"desktop-align-center","10":"tablet-align-center","11":"mobile-align-center","13":"first","14":"instock","15":"featured","16":"shipping-taxable","17":"purchasable","18":"product-type-simple"},"uagb_featured_image_src":{"full":["https:\/\/sexshopxotic.com\/wp-content\/uploads\/2025\/09\/kiti-ano.webp",500,499,false],"thumbnail":["https:\/\/sexshopxotic.com\/wp-content\/uploads\/2025\/09\/kiti-ano-150x150.webp",150,150,true],"medium":["https:\/\/sexshopxotic.com\/wp-content\/uploads\/2025\/09\/kiti-ano-300x300.webp",300,300,true],"medium_large":["https:\/\/sexshopxotic.com\/wp-content\/uploads\/2025\/09\/kiti-ano.webp",500,499,false],"large":["https:\/\/sexshopxotic.com\/wp-content\/uploads\/2025\/09\/kiti-ano.webp",500,499,false],"1536x1536":["https:\/\/sexshopxotic.com\/wp-content\/uploads\/2025\/09\/kiti-ano.webp",500,499,false],"2048x2048":["https:\/\/sexshopxotic.com\/wp-content\/uploads\/2025\/09\/kiti-ano.webp",500,499,false],"trp-custom-language-flag":["https:\/\/sexshopxotic.com\/wp-content\/uploads\/2025\/09\/kiti-ano.webp",12,12,false],"lifterlms_certificate_background":["https:\/\/sexshopxotic.com\/wp-content\/uploads\/2025\/09\/kiti-ano.webp",500,499,false],"llms_notification_icon":["https:\/\/sexshopxotic.com\/wp-content\/uploads\/2025\/09\/kiti-ano.webp",64,64,false],"woocommerce_thumbnail":["https:\/\/sexshopxotic.com\/wp-content\/uploads\/2025\/09\/kiti-ano-300x300.webp",300,300,true],"woocommerce_single":["https:\/\/sexshopxotic.com\/wp-content\/uploads\/2025\/09\/kiti-ano.webp",500,499,false],"woocommerce_gallery_thumbnail":["https:\/\/sexshopxotic.com\/wp-content\/uploads\/2025\/09\/kiti-ano-100x100.webp",100,100,true]},"uagb_author_info":{"display_name":"admin","author_link":"https:\/\/sexshopxotic.com\/en\/author\/"},"uagb_comment_info":0,"uagb_excerpt":"Masturbador masculino, ano. Tambi\u00e9n disponible en forma de vagina.","_links":{"self":[{"href":"https:\/\/sexshopxotic.com\/en\/wp-json\/wp\/v2\/product\/2062","targetHints":{"allow":["GET"]}}],"collection":[{"href":"https:\/\/sexshopxotic.com\/en\/wp-json\/wp\/v2\/product"}],"about":[{"href":"https:\/\/sexshopxotic.com\/en\/wp-json\/wp\/v2\/types\/product"}],"replies":[{"embeddable":true,"href":"https:\/\/sexshopxotic.com\/en\/wp-json\/wp\/v2\/comments?post=2062"}],"wp:featuredmedia":[{"embeddable":true,"href":"https:\/\/sexshopxotic.com\/en\/wp-json\/wp\/v2\/media\/3735"}],"wp:attachment":[{"href":"https:\/\/sexshopxotic.com\/en\/wp-json\/wp\/v2\/media?parent=2062"}],"wp:term":[{"taxonomy":"product_brand","embeddable":true,"href":"https:\/\/sexshopxotic.com\/en\/wp-json\/wp\/v2\/product_brand?post=2062"},{"taxonomy":"product_cat","embeddable":true,"href":"https:\/\/sexshopxotic.com\/en\/wp-json\/wp\/v2\/product_cat?post=2062"},{"taxonomy":"product_tag","embeddable":true,"href":"https:\/\/sexshopxotic.com\/en\/wp-json\/wp\/v2\/product_tag?post=2062"}],"curies":[{"name":"wp","href":"https:\/\/api.w.org\/{rel}","templated":true}]}}