{"id":2060,"date":"2025-09-01T01:25:25","date_gmt":"2025-09-01T01:25:25","guid":{"rendered":"http:\/\/sexshopxotic.com\/?product=green-tshirt-color-with-cap"},"modified":"2026-01-28T02:33:43","modified_gmt":"2026-01-28T02:33:43","slug":"green-tshirt-color-with-cap","status":"publish","type":"product","link":"https:\/\/sexshopxotic.com\/en\/product\/green-tshirt-color-with-cap\/","title":{"rendered":"Pretty Love DJ Doctor Pushping Gun Vibrador Punto G, Negro"},"content":{"rendered":"<p>Esta pistola de masaje s\u00faper potente tiene 5 configuraciones de empuje y un cabezal de silicona reemplazable. Lo m\u00e1s importante es que el motor m\u00e1s potente dentro de la pistola de masaje te brindar\u00e1 la experiencia er\u00f3tica m\u00e1s poderosa y una vibraci\u00f3n incre\u00edble y una sensaci\u00f3n de empuje. Si prefieres que tus juguetes tengan caracter\u00edsticas poderosas, elige la \u00faltima pistola de masaje s\u00faper poderosa de Pretty Love, resolver\u00e1 y liberar\u00e1 todo tu estr\u00e9s y te brindar\u00e1 un placer impresionante y grandioso.<\/p>","protected":false},"excerpt":{"rendered":"<p>Vibrador de empuje de silicona\/ABS de 17.1 cm con 5 modos de empuje.<\/p>","protected":false},"featured_media":3731,"comment_status":"open","ping_status":"closed","template":"","meta":{"_uag_custom_page_level_css":"","site-sidebar-layout":"default","site-content-layout":"default","ast-site-content-layout":"default","site-content-style":"default","site-sidebar-style":"default","ast-global-header-display":"","ast-banner-title-visibility":"","ast-main-header-display":"","ast-hfb-above-header-display":"","ast-hfb-below-header-display":"","ast-hfb-mobile-header-display":"","site-post-title":"","ast-breadcrumbs-content":"","ast-featured-img":"","footer-sml-layout":"","ast-disable-related-posts":"","theme-transparent-header-meta":"default","adv-header-id-meta":"","stick-header-meta":"","header-above-stick-meta":"","header-main-stick-meta":"","header-below-stick-meta":"","astra-migrate-meta-layouts":"set","ast-page-background-enabled":"default","ast-page-background-meta":{"desktop":{"background-color":"","background-image":"","background-repeat":"repeat","background-position":"center center","background-size":"auto","background-attachment":"scroll","background-type":"","background-media":"","overlay-type":"","overlay-color":"","overlay-opacity":"","overlay-gradient":""},"tablet":{"background-color":"","background-image":"","background-repeat":"repeat","background-position":"center center","background-size":"auto","background-attachment":"scroll","background-type":"","background-media":"","overlay-type":"","overlay-color":"","overlay-opacity":"","overlay-gradient":""},"mobile":{"background-color":"","background-image":"","background-repeat":"repeat","background-position":"center center","background-size":"auto","background-attachment":"scroll","background-type":"","background-media":"","overlay-type":"","overlay-color":"","overlay-opacity":"","overlay-gradient":""}},"ast-content-background-meta":{"desktop":{"background-color":"var(--ast-global-color-5)","background-image":"","background-repeat":"repeat","background-position":"center center","background-size":"auto","background-attachment":"scroll","background-type":"","background-media":"","overlay-type":"","overlay-color":"","overlay-opacity":"","overlay-gradient":""},"tablet":{"background-color":"var(--ast-global-color-5)","background-image":"","background-repeat":"repeat","background-position":"center center","background-size":"auto","background-attachment":"scroll","background-type":"","background-media":"","overlay-type":"","overlay-color":"","overlay-opacity":"","overlay-gradient":""},"mobile":{"background-color":"var(--ast-global-color-5)","background-image":"","background-repeat":"repeat","background-position":"center center","background-size":"auto","background-attachment":"scroll","background-type":"","background-media":"","overlay-type":"","overlay-color":"","overlay-opacity":"","overlay-gradient":""}},"_joinchat":[]},"product_brand":[],"product_cat":[27,15,28],"product_tag":[],"class_list":{"0":"post-2060","1":"product","2":"type-product","3":"status-publish","4":"has-post-thumbnail","6":"product_cat-consoladores","7":"product_cat-sin-categorizar","8":"product_cat-vibrador","9":"desktop-align-center","10":"tablet-align-center","11":"mobile-align-center","13":"first","14":"instock","15":"shipping-taxable","16":"purchasable","17":"product-type-simple"},"uagb_featured_image_src":{"full":["https:\/\/sexshopxotic.com\/wp-content\/uploads\/2025\/09\/Pretty-Love-DJ-Doctor-Thrusting-Gun-G-Spot-Vibrator-Black_cb56e6a8-7146-422a-8f8a-cac11afc29e3.10016a1476d5f8d06873245aabe9021c.avif",1400,1400,false],"thumbnail":["https:\/\/sexshopxotic.com\/wp-content\/uploads\/2025\/09\/Pretty-Love-DJ-Doctor-Thrusting-Gun-G-Spot-Vibrator-Black_cb56e6a8-7146-422a-8f8a-cac11afc29e3.10016a1476d5f8d06873245aabe9021c-150x150.avif",150,150,true],"medium":["https:\/\/sexshopxotic.com\/wp-content\/uploads\/2025\/09\/Pretty-Love-DJ-Doctor-Thrusting-Gun-G-Spot-Vibrator-Black_cb56e6a8-7146-422a-8f8a-cac11afc29e3.10016a1476d5f8d06873245aabe9021c-300x300.avif",300,300,true],"medium_large":["https:\/\/sexshopxotic.com\/wp-content\/uploads\/2025\/09\/Pretty-Love-DJ-Doctor-Thrusting-Gun-G-Spot-Vibrator-Black_cb56e6a8-7146-422a-8f8a-cac11afc29e3.10016a1476d5f8d06873245aabe9021c-768x768.avif",768,768,true],"large":["https:\/\/sexshopxotic.com\/wp-content\/uploads\/2025\/09\/Pretty-Love-DJ-Doctor-Thrusting-Gun-G-Spot-Vibrator-Black_cb56e6a8-7146-422a-8f8a-cac11afc29e3.10016a1476d5f8d06873245aabe9021c-1024x1024.avif",1024,1024,true],"1536x1536":["https:\/\/sexshopxotic.com\/wp-content\/uploads\/2025\/09\/Pretty-Love-DJ-Doctor-Thrusting-Gun-G-Spot-Vibrator-Black_cb56e6a8-7146-422a-8f8a-cac11afc29e3.10016a1476d5f8d06873245aabe9021c.avif",1400,1400,false],"2048x2048":["https:\/\/sexshopxotic.com\/wp-content\/uploads\/2025\/09\/Pretty-Love-DJ-Doctor-Thrusting-Gun-G-Spot-Vibrator-Black_cb56e6a8-7146-422a-8f8a-cac11afc29e3.10016a1476d5f8d06873245aabe9021c.avif",1400,1400,false],"trp-custom-language-flag":["https:\/\/sexshopxotic.com\/wp-content\/uploads\/2025\/09\/Pretty-Love-DJ-Doctor-Thrusting-Gun-G-Spot-Vibrator-Black_cb56e6a8-7146-422a-8f8a-cac11afc29e3.10016a1476d5f8d06873245aabe9021c.avif",12,12,false],"lifterlms_certificate_background":["https:\/\/sexshopxotic.com\/wp-content\/uploads\/2025\/09\/Pretty-Love-DJ-Doctor-Thrusting-Gun-G-Spot-Vibrator-Black_cb56e6a8-7146-422a-8f8a-cac11afc29e3.10016a1476d5f8d06873245aabe9021c.avif",616,616,false],"llms_notification_icon":["https:\/\/sexshopxotic.com\/wp-content\/uploads\/2025\/09\/Pretty-Love-DJ-Doctor-Thrusting-Gun-G-Spot-Vibrator-Black_cb56e6a8-7146-422a-8f8a-cac11afc29e3.10016a1476d5f8d06873245aabe9021c.avif",64,64,false],"woocommerce_thumbnail":["https:\/\/sexshopxotic.com\/wp-content\/uploads\/2025\/09\/Pretty-Love-DJ-Doctor-Thrusting-Gun-G-Spot-Vibrator-Black_cb56e6a8-7146-422a-8f8a-cac11afc29e3.10016a1476d5f8d06873245aabe9021c-300x300.avif",300,300,true],"woocommerce_single":["https:\/\/sexshopxotic.com\/wp-content\/uploads\/2025\/09\/Pretty-Love-DJ-Doctor-Thrusting-Gun-G-Spot-Vibrator-Black_cb56e6a8-7146-422a-8f8a-cac11afc29e3.10016a1476d5f8d06873245aabe9021c-600x600.avif",600,600,true],"woocommerce_gallery_thumbnail":["https:\/\/sexshopxotic.com\/wp-content\/uploads\/2025\/09\/Pretty-Love-DJ-Doctor-Thrusting-Gun-G-Spot-Vibrator-Black_cb56e6a8-7146-422a-8f8a-cac11afc29e3.10016a1476d5f8d06873245aabe9021c-100x100.avif",100,100,true]},"uagb_author_info":{"display_name":"admin","author_link":"https:\/\/sexshopxotic.com\/en\/author\/"},"uagb_comment_info":0,"uagb_excerpt":"Vibrador de empuje de silicona\/ABS de 17.1 cm con 5 modos de empuje.","_links":{"self":[{"href":"https:\/\/sexshopxotic.com\/en\/wp-json\/wp\/v2\/product\/2060","targetHints":{"allow":["GET"]}}],"collection":[{"href":"https:\/\/sexshopxotic.com\/en\/wp-json\/wp\/v2\/product"}],"about":[{"href":"https:\/\/sexshopxotic.com\/en\/wp-json\/wp\/v2\/types\/product"}],"replies":[{"embeddable":true,"href":"https:\/\/sexshopxotic.com\/en\/wp-json\/wp\/v2\/comments?post=2060"}],"wp:featuredmedia":[{"embeddable":true,"href":"https:\/\/sexshopxotic.com\/en\/wp-json\/wp\/v2\/media\/3731"}],"wp:attachment":[{"href":"https:\/\/sexshopxotic.com\/en\/wp-json\/wp\/v2\/media?parent=2060"}],"wp:term":[{"taxonomy":"product_brand","embeddable":true,"href":"https:\/\/sexshopxotic.com\/en\/wp-json\/wp\/v2\/product_brand?post=2060"},{"taxonomy":"product_cat","embeddable":true,"href":"https:\/\/sexshopxotic.com\/en\/wp-json\/wp\/v2\/product_cat?post=2060"},{"taxonomy":"product_tag","embeddable":true,"href":"https:\/\/sexshopxotic.com\/en\/wp-json\/wp\/v2\/product_tag?post=2060"}],"curies":[{"name":"wp","href":"https:\/\/api.w.org\/{rel}","templated":true}]}}