{"id":8,"date":"2025-09-01T01:23:05","date_gmt":"2025-09-01T01:23:05","guid":{"rendered":"http:\/\/sexshopxotic.com\/?page_id=8"},"modified":"2026-03-08T04:38:36","modified_gmt":"2026-03-08T04:38:36","slug":"8-2","status":"publish","type":"page","link":"https:\/\/sexshopxotic.com\/en\/8-2\/","title":{"rendered":"Consultas y orientaci\u00f3n"},"content":{"rendered":"<div class=\"woocommerce\"><\/div>\n\n\n\n<div class=\"wp-block-uagb-container uagb-block-843b5e12 alignfull uagb-is-root-container\"><div class=\"uagb-container-inner-blocks-wrap\">\n<div class=\"wp-block-uagb-container uagb-block-f6fdd747\">\n<div class=\"wp-block-group is-nowrap is-layout-flex wp-container-core-group-is-layout-6c531013 wp-block-group-is-layout-flex\">\n<div class=\"wp-block-uagb-image uagb-block-c880abc9 wp-block-uagb-image--layout-default wp-block-uagb-image--effect-static wp-block-uagb-image--align-none\"><figure class=\"wp-block-uagb-image__figure\"><img decoding=\"async\" srcset=\"https:\/\/sexshopxotic.com\/wp-content\/uploads\/2026\/03\/female-online-teacher-teaching-remote-class-distance-working-laptop-virtual-classroom-young-business-woman-manager-talking-260785431.webp ,https:\/\/sexshopxotic.com\/wp-content\/uploads\/2026\/03\/female-online-teacher-teaching-remote-class-distance-working-laptop-virtual-classroom-young-business-woman-manager-talking-260785431.webp 780w, https:\/\/sexshopxotic.com\/wp-content\/uploads\/2026\/03\/female-online-teacher-teaching-remote-class-distance-working-laptop-virtual-classroom-young-business-woman-manager-talking-260785431.webp 360w\" sizes=\"auto, (max-width: 480px) 150px\" src=\"https:\/\/sexshopxotic.com\/wp-content\/uploads\/2026\/03\/female-online-teacher-teaching-remote-class-distance-working-laptop-virtual-classroom-young-business-woman-manager-talking-260785431.webp\" alt=\"female online teacher teaching remote class distance working laptop virtual classroom young business woman manager talking 260785431\" class=\"uag-image-3976\" width=\"600\" height=\"900\" title=\"female online teacher teaching remote class distance working laptop virtual classroom young business woman manager talking 260785431\" loading=\"lazy\" role=\"img\"\/><\/figure><\/div>\n<\/div>\n<\/div>\n\n\n\n<div class=\"wp-block-uagb-container uagb-block-5f714401\">\n<div class=\"wp-block-uagb-advanced-heading uagb-block-cf13ec0b\"><h2 class=\"uagb-heading-text\">Acompa\u00f1amiento profesional y confidencial<\/h2><\/div>\n\n\n\n<p>A veces, el camino necesita gu\u00eda. Aqu\u00ed encontrar\u00e1s un acompa\u00f1amiento confidencial y profesional para trabajar en tus objetivos, sanar heridas y construir la intimidad que mereces.<\/p>\n\n\n\n<div class=\"wp-block-buttons is-layout-flex wp-block-buttons-is-layout-flex\">\n<div class=\"wp-block-button\"><a class=\"wp-block-button__link wp-element-button\" href=\"https:\/\/api.whatsapp.com\/send?phone=51927005025&amp;text=Hola!%20Deseo%20asesor%C3%ADa%20personalizada...\">Agendar sesi\u00f3n<\/a><\/div>\n<\/div>\n\n\n\n<p>En Espacio Xotic integramos psicolog\u00eda, coaching y mirada sist\u00e9mica para acompa\u00f1arte desde una perspectiva consciente, respetuosa y personalizada.<\/p>\n\n\n\n<p><\/p>\n<\/div>\n<\/div><\/div>\n\n\n\n<h2 class=\"wp-block-heading\"><strong>\u00bfQu\u00e9 Necesitas Hoy?<\/strong><\/h2>\n\n\n\n<div class=\"wp-block-columns is-layout-flex wp-container-core-columns-is-layout-28f84493 wp-block-columns-is-layout-flex\">\n<div class=\"wp-block-column is-layout-flow wp-block-column-is-layout-flow\">\n<h2 class=\"wp-block-heading\"><strong>Crecimiento personal<\/strong><\/h2>\n\n\n\n<p>Para quienes buscan\u2026 fortalecer su autoestima, sanar patrones o dise\u00f1ar su futuro.<br><\/p>\n\n\n\n<p><strong>Servicios Agrupados<\/strong><\/p>\n\n\n\n<ul class=\"wp-block-list\">\n<li>Coaching Ontol\u00f3gico<\/li>\n\n\n\n<li>Consulta Psicol\u00f3gica<\/li>\n\n\n\n<li>Constelaciones Familiares<\/li>\n<\/ul>\n\n\n\n<div class=\"wp-block-buttons is-layout-flex wp-block-buttons-is-layout-flex\">\n<div class=\"wp-block-button\"><a class=\"wp-block-button__link wp-element-button\">Ver Sesiones Individuales<\/a><\/div>\n<\/div>\n<\/div>\n\n\n\n<div class=\"wp-block-column is-layout-flow wp-block-column-is-layout-flow\">\n<h2 class=\"wp-block-heading\"><strong>Conexi\u00f3n en pareja<\/strong><\/h2>\n\n\n\n<p>Para parejas que desean\u2026 mejorar su comunicaci\u00f3n, reavivar la chispa o navegar conflictos.<\/p>\n\n\n\n<p><strong>Servicios Agrupados:<\/strong> <\/p>\n\n\n\n<ul class=\"wp-block-list\">\n<li>Terapia de Pareja<\/li>\n\n\n\n<li>Coaching de Pareja<\/li>\n<\/ul>\n\n\n\n<div class=\"wp-block-buttons is-layout-flex wp-block-buttons-is-layout-flex\">\n<div class=\"wp-block-button\"><a class=\"wp-block-button__link wp-element-button\">Ver Sesiones de Pareja<\/a><\/div>\n<\/div>\n<\/div>\n\n\n\n<div class=\"wp-block-column is-layout-flow wp-block-column-is-layout-flow\">\n<h2 class=\"wp-block-heading\"><strong>Dudas y dise\u00f1o de rituales<\/strong><\/h2>\n\n\n\n<p>Para quienes necesitan\u2026 respuestas concretas a dudas \u00edntimas o una gu\u00eda para crear experiencias de placer.<\/p>\n\n\n\n<p><strong>Servicios Agrupados:<\/strong> <\/p>\n\n\n\n<ul class=\"wp-block-list\">\n<li>Orientaci\u00f3n en bienestar \u00edntimo<\/li>\n\n\n\n<li>Dise\u00f1o de experiencias y rituales<\/li>\n\n\n\n<li>Asesor\u00eda para padres<\/li>\n<\/ul>\n\n\n\n<div class=\"wp-block-buttons is-layout-flex wp-block-buttons-is-layout-flex\">\n<div class=\"wp-block-button\"><a class=\"wp-block-button__link wp-element-button\">Ver Asesor\u00edas<\/a><\/div>\n<\/div>\n<\/div>\n<\/div>\n\n\n\n<p><\/p>","protected":false},"excerpt":{"rendered":"<p>Acompa\u00f1amiento profesional y confidencial A veces, el camino necesita gu\u00eda. Aqu\u00ed encontrar\u00e1s un acompa\u00f1amiento confidencial y profesional para trabajar en tus objetivos, sanar heridas y construir la intimidad que mereces. En Espacio Xotic integramos psicolog\u00eda, coaching y mirada sist\u00e9mica para acompa\u00f1arte desde una perspectiva consciente, respetuosa y personalizada. \u00bfQu\u00e9 Necesitas Hoy? Crecimiento personal Para quienes [&hellip;]<\/p>\n","protected":false},"author":1,"featured_media":0,"parent":0,"menu_order":0,"comment_status":"closed","ping_status":"closed","template":"","meta":{"_uag_custom_page_level_css":"","site-sidebar-layout":"default","site-content-layout":"","ast-site-content-layout":"default","site-content-style":"default","site-sidebar-style":"default","ast-global-header-display":"","ast-banner-title-visibility":"","ast-main-header-display":"","ast-hfb-above-header-display":"","ast-hfb-below-header-display":"","ast-hfb-mobile-header-display":"","site-post-title":"","ast-breadcrumbs-content":"","ast-featured-img":"","footer-sml-layout":"","ast-disable-related-posts":"","theme-transparent-header-meta":"","adv-header-id-meta":"","stick-header-meta":"","header-above-stick-meta":"","header-main-stick-meta":"","header-below-stick-meta":"","astra-migrate-meta-layouts":"set","ast-page-background-enabled":"default","ast-page-background-meta":{"desktop":{"background-color":"","background-image":"","background-repeat":"repeat","background-position":"center center","background-size":"auto","background-attachment":"scroll","background-type":"","background-media":"","overlay-type":"","overlay-color":"","overlay-opacity":"","overlay-gradient":""},"tablet":{"background-color":"","background-image":"","background-repeat":"repeat","background-position":"center center","background-size":"auto","background-attachment":"scroll","background-type":"","background-media":"","overlay-type":"","overlay-color":"","overlay-opacity":"","overlay-gradient":""},"mobile":{"background-color":"","background-image":"","background-repeat":"repeat","background-position":"center center","background-size":"auto","background-attachment":"scroll","background-type":"","background-media":"","overlay-type":"","overlay-color":"","overlay-opacity":"","overlay-gradient":""}},"ast-content-background-meta":{"desktop":{"background-color":"var(--ast-global-color-5)","background-image":"","background-repeat":"repeat","background-position":"center center","background-size":"auto","background-attachment":"scroll","background-type":"","background-media":"","overlay-type":"","overlay-color":"","overlay-opacity":"","overlay-gradient":""},"tablet":{"background-color":"var(--ast-global-color-5)","background-image":"","background-repeat":"repeat","background-position":"center center","background-size":"auto","background-attachment":"scroll","background-type":"","background-media":"","overlay-type":"","overlay-color":"","overlay-opacity":"","overlay-gradient":""},"mobile":{"background-color":"var(--ast-global-color-5)","background-image":"","background-repeat":"repeat","background-position":"center center","background-size":"auto","background-attachment":"scroll","background-type":"","background-media":"","overlay-type":"","overlay-color":"","overlay-opacity":"","overlay-gradient":""}},"_joinchat":[],"footnotes":""},"class_list":["post-8","page","type-page","status-publish","hentry"],"uagb_featured_image_src":{"full":false,"thumbnail":false,"medium":false,"medium_large":false,"large":false,"1536x1536":false,"2048x2048":false,"trp-custom-language-flag":false,"lifterlms_certificate_background":false,"llms_notification_icon":false,"woocommerce_thumbnail":false,"woocommerce_single":false,"woocommerce_gallery_thumbnail":false},"uagb_author_info":{"display_name":"admin","author_link":"https:\/\/sexshopxotic.com\/en\/author\/admin\/"},"uagb_comment_info":0,"uagb_excerpt":"Acompa\u00f1amiento profesional y confidencial A veces, el camino necesita gu\u00eda. Aqu\u00ed encontrar\u00e1s un acompa\u00f1amiento confidencial y profesional para trabajar en tus objetivos, sanar heridas y construir la intimidad que mereces. En Espacio Xotic integramos psicolog\u00eda, coaching y mirada sist\u00e9mica para acompa\u00f1arte desde una perspectiva consciente, respetuosa y personalizada. \u00bfQu\u00e9 Necesitas Hoy? Crecimiento personal Para quienes&hellip;","_links":{"self":[{"href":"https:\/\/sexshopxotic.com\/en\/wp-json\/wp\/v2\/pages\/8","targetHints":{"allow":["GET"]}}],"collection":[{"href":"https:\/\/sexshopxotic.com\/en\/wp-json\/wp\/v2\/pages"}],"about":[{"href":"https:\/\/sexshopxotic.com\/en\/wp-json\/wp\/v2\/types\/page"}],"author":[{"embeddable":true,"href":"https:\/\/sexshopxotic.com\/en\/wp-json\/wp\/v2\/users\/1"}],"replies":[{"embeddable":true,"href":"https:\/\/sexshopxotic.com\/en\/wp-json\/wp\/v2\/comments?post=8"}],"version-history":[{"count":6,"href":"https:\/\/sexshopxotic.com\/en\/wp-json\/wp\/v2\/pages\/8\/revisions"}],"predecessor-version":[{"id":4142,"href":"https:\/\/sexshopxotic.com\/en\/wp-json\/wp\/v2\/pages\/8\/revisions\/4142"}],"wp:attachment":[{"href":"https:\/\/sexshopxotic.com\/en\/wp-json\/wp\/v2\/media?parent=8"}],"curies":[{"name":"wp","href":"https:\/\/api.w.org\/{rel}","templated":true}]}}